{"id":701,"date":"2023-05-30T18:31:47","date_gmt":"2023-05-30T18:31:47","guid":{"rendered":"http:\/\/jmgsa.com.ar\/?page_id=701"},"modified":"2023-09-05T17:12:35","modified_gmt":"2023-09-05T17:12:35","slug":"historia","status":"publish","type":"page","link":"http:\/\/jmgsa.com.ar\/en\/historia\/","title":{"rendered":"History"},"content":{"rendered":"<div data-elementor-type=\"wp-page\" data-elementor-id=\"701\" class=\"elementor elementor-701\" data-elementor-post-type=\"page\">\n\t\t\t\t\t\t<section class=\"elementor-section elementor-top-section elementor-element elementor-element-7daf0e96 elementor-section-height-min-height elementor-section-boxed elementor-section-height-default elementor-section-items-middle\" data-id=\"7daf0e96\" data-element_type=\"section\" data-e-type=\"section\" data-settings=\"{&quot;background_background&quot;:&quot;classic&quot;}\">\n\t\t\t\t\t\t\t<div class=\"elementor-background-overlay\"><\/div>\n\t\t\t\t\t\t\t<div class=\"elementor-container elementor-column-gap-no\">\n\t\t\t\t\t<div class=\"elementor-column elementor-col-100 elementor-top-column elementor-element elementor-element-141b6cb7\" data-id=\"141b6cb7\" data-element_type=\"column\" data-e-type=\"column\">\n\t\t\t<div class=\"elementor-widget-wrap elementor-element-populated\">\n\t\t\t\t\t\t<div class=\"elementor-element elementor-element-b49ed89 elementor-widget elementor-widget-spacer\" data-id=\"b49ed89\" data-element_type=\"widget\" data-e-type=\"widget\" data-widget_type=\"spacer.default\">\n\t\t\t\t<div class=\"elementor-widget-container\">\n\t\t\t\t\t\t\t<div class=\"elementor-spacer\">\n\t\t\t<div class=\"elementor-spacer-inner\"><\/div>\n\t\t<\/div>\n\t\t\t\t\t\t<\/div>\n\t\t\t\t<\/div>\n\t\t\t\t<div class=\"elementor-element elementor-element-297e1c93 elementor-invisible elementor-widget elementor-widget-heading\" data-id=\"297e1c93\" data-element_type=\"widget\" data-e-type=\"widget\" data-settings=\"{&quot;_animation&quot;:&quot;zoomIn&quot;}\" data-widget_type=\"heading.default\">\n\t\t\t\t<div class=\"elementor-widget-container\">\n\t\t\t\t\t<h1 class=\"elementor-heading-title elementor-size-default\">OUR HISTORY<\/h1>\t\t\t\t<\/div>\n\t\t\t\t<\/div>\n\t\t\t\t<div class=\"elementor-element elementor-element-acdff60 elementor-widget-divider--view-line elementor-widget elementor-widget-divider\" data-id=\"acdff60\" data-element_type=\"widget\" data-e-type=\"widget\" data-widget_type=\"divider.default\">\n\t\t\t\t<div class=\"elementor-widget-container\">\n\t\t\t\t\t\t\t<div class=\"elementor-divider\">\n\t\t\t<span class=\"elementor-divider-separator\">\n\t\t\t\t\t\t<\/span>\n\t\t<\/div>\n\t\t\t\t\t\t<\/div>\n\t\t\t\t<\/div>\n\t\t\t\t<div class=\"elementor-element elementor-element-227a707a elementor-widget elementor-widget-heading\" data-id=\"227a707a\" data-element_type=\"widget\" data-e-type=\"widget\" data-widget_type=\"heading.default\">\n\t\t\t\t<div class=\"elementor-widget-container\">\n\t\t\t\t\t<h3 class=\"elementor-heading-title elementor-size-default\">find out MORE ABOUT US BELOW<\/h3>\t\t\t\t<\/div>\n\t\t\t\t<\/div>\n\t\t\t\t<div class=\"elementor-element elementor-element-6d68427 elementor-view-stacked elementor-shape-square e-transform elementor-invisible elementor-widget elementor-widget-icon\" data-id=\"6d68427\" data-element_type=\"widget\" data-e-type=\"widget\" data-settings=\"{&quot;_animation&quot;:&quot;jello&quot;,&quot;_transform_scale_effect_hover&quot;:{&quot;unit&quot;:&quot;px&quot;,&quot;size&quot;:1.2,&quot;sizes&quot;:[]},&quot;_transform_scale_effect_hover_widescreen&quot;:{&quot;unit&quot;:&quot;px&quot;,&quot;size&quot;:&quot;&quot;,&quot;sizes&quot;:[]},&quot;_transform_scale_effect_hover_laptop&quot;:{&quot;unit&quot;:&quot;px&quot;,&quot;size&quot;:&quot;&quot;,&quot;sizes&quot;:[]},&quot;_transform_scale_effect_hover_tablet_extra&quot;:{&quot;unit&quot;:&quot;px&quot;,&quot;size&quot;:&quot;&quot;,&quot;sizes&quot;:[]},&quot;_transform_scale_effect_hover_tablet&quot;:{&quot;unit&quot;:&quot;px&quot;,&quot;size&quot;:&quot;&quot;,&quot;sizes&quot;:[]},&quot;_transform_scale_effect_hover_mobile_extra&quot;:{&quot;unit&quot;:&quot;px&quot;,&quot;size&quot;:&quot;&quot;,&quot;sizes&quot;:[]},&quot;_transform_scale_effect_hover_mobile&quot;:{&quot;unit&quot;:&quot;px&quot;,&quot;size&quot;:&quot;&quot;,&quot;sizes&quot;:[]}}\" data-widget_type=\"icon.default\">\n\t\t\t\t<div class=\"elementor-widget-container\">\n\t\t\t\t\t\t\t<div class=\"elementor-icon-wrapper\">\n\t\t\t<a class=\"elementor-icon\" href=\"#historia-texto\">\n\t\t\t<i aria-hidden=\"true\" class=\"fas fa-arrow-down\"><\/i>\t\t\t<\/a>\n\t\t<\/div>\n\t\t\t\t\t\t<\/div>\n\t\t\t\t<\/div>\n\t\t\t\t\t<\/div>\n\t\t<\/div>\n\t\t\t\t\t<\/div>\n\t\t<\/section>\n\t\t\t\t<section class=\"elementor-section elementor-top-section elementor-element elementor-element-5ed8ba2e elementor-section-content-middle elementor-section-boxed elementor-section-height-default elementor-section-height-default\" data-id=\"5ed8ba2e\" data-element_type=\"section\" data-e-type=\"section\" id=\"historia-texto\" data-settings=\"{&quot;background_background&quot;:&quot;gradient&quot;}\">\n\t\t\t\t\t\t\t<div class=\"elementor-background-overlay\"><\/div>\n\t\t\t\t\t\t\t<div class=\"elementor-container elementor-column-gap-no\">\n\t\t\t\t\t<div class=\"elementor-column elementor-col-50 elementor-top-column elementor-element elementor-element-76800373 elementor-invisible\" data-id=\"76800373\" data-element_type=\"column\" data-e-type=\"column\" data-settings=\"{&quot;background_background&quot;:&quot;classic&quot;,&quot;animation&quot;:&quot;fadeInLeft&quot;}\">\n\t\t\t<div class=\"elementor-widget-wrap elementor-element-populated\">\n\t\t\t\t\t\t<div class=\"elementor-element elementor-element-1f6a6239 elementor-widget-tablet__width-initial elementor-widget elementor-widget-image\" data-id=\"1f6a6239\" data-element_type=\"widget\" data-e-type=\"widget\" data-widget_type=\"image.default\">\n\t\t\t\t<div class=\"elementor-widget-container\">\n\t\t\t\t\t\t\t\t\t\t\t\t\t\t\t<img fetchpriority=\"high\" decoding=\"async\" width=\"4404\" height=\"3942\" src=\"http:\/\/jmgsa.com.ar\/wp-content\/uploads\/2023\/06\/cropped-logo.png\" class=\"attachment-full size-full wp-image-837\" alt=\"LOGO JMG\" srcset=\"http:\/\/jmgsa.com.ar\/wp-content\/uploads\/2023\/06\/cropped-logo.png 4404w, http:\/\/jmgsa.com.ar\/wp-content\/uploads\/2023\/06\/cropped-logo-300x269.png 300w, http:\/\/jmgsa.com.ar\/wp-content\/uploads\/2023\/06\/cropped-logo-1024x917.png 1024w, http:\/\/jmgsa.com.ar\/wp-content\/uploads\/2023\/06\/cropped-logo-768x687.png 768w, http:\/\/jmgsa.com.ar\/wp-content\/uploads\/2023\/06\/cropped-logo-1536x1375.png 1536w, http:\/\/jmgsa.com.ar\/wp-content\/uploads\/2023\/06\/cropped-logo-2048x1833.png 2048w, http:\/\/jmgsa.com.ar\/wp-content\/uploads\/2023\/06\/cropped-logo-13x12.png 13w, http:\/\/jmgsa.com.ar\/wp-content\/uploads\/2023\/06\/cropped-logo-120x107.png 120w\" sizes=\"(max-width: 4404px) 100vw, 4404px\" \/>\t\t\t\t\t\t\t\t\t\t\t\t\t\t\t<\/div>\n\t\t\t\t<\/div>\n\t\t\t\t\t<\/div>\n\t\t<\/div>\n\t\t\t\t<div class=\"elementor-column elementor-col-50 elementor-top-column elementor-element elementor-element-16577a09 elementor-invisible\" data-id=\"16577a09\" data-element_type=\"column\" data-e-type=\"column\" data-settings=\"{&quot;animation&quot;:&quot;fadeInRight&quot;}\">\n\t\t\t<div class=\"elementor-widget-wrap elementor-element-populated\">\n\t\t\t\t\t\t<div class=\"elementor-element elementor-element-318acd1f elementor-widget__width-initial elementor-widget-tablet__width-initial elementor-widget elementor-widget-text-editor\" data-id=\"318acd1f\" data-element_type=\"widget\" data-e-type=\"widget\" data-widget_type=\"text-editor.default\">\n\t\t\t\t<div class=\"elementor-widget-container\">\n\t\t\t\t\t\t\t\t\t<p class=\"translation-block\"><strong>JMG\u00ae<\/strong> <span style=\"font-style: inherit;font-weight: inherit;letter-spacing: -0.4px;background-color: transparent\">is an Argentinian company located in the heart of the wet pampas, in Esperanza, province of Santa Fe, dedicated to the manufacture of equipment for grain storage and conditioning plants and complete balanced feed processing plants, covering a wide range of sizes and capacities.<\/p><p class=\"translation-block\">It has a solid industrial and commercial trajectory based on permanent research, development and exclusive designs. We are backed by an excellent quality production, advanced technology and years of experience, qualities that allow us to obtain maximum safety and competitiveness, contributing in this way to agricultural production.<\/p><p class=\"translation-block\"><span style=\"font-style: inherit;font-weight: inherit;background-color: transparent\"><strong>JMG\u00ae<\/strong> is committed to developing and designing innovative equipment that meets the needs of its customers at all times:  <\/span><span style=\"font-style: inherit;font-weight: inherit;letter-spacing: -0.4px;background-color: transparent\"> the industrial plant has modern technology tools, as well as an important level of technical development, engineering and after-sales service, which ensures and provides quality and service to its products.<\/p>\t\t\t\t\t\t\t\t<\/div>\n\t\t\t\t<\/div>\n\t\t\t\t\t<\/div>\n\t\t<\/div>\n\t\t\t\t\t<\/div>\n\t\t<\/section>\n\t\t\t\t<\/div>","protected":false},"excerpt":{"rendered":"<p>NUESTRA HISTORIA descubre M\u00c1S SOBRE NOSOTROS deBAJO JMG\u00ae es una empresa argentina radicada en el coraz\u00f3n de la pampa h\u00fameda, en Esperanza, provincia de Santa Fe, dedicada a la fabricaci\u00f3n de equipos destinados a plantas de almacenamiento y acondicionamiento de granos y plantas completas elaboradoras de alimentos balanceados, cubriendo una amplia gama de medidas y [&hellip;]<\/p>\n","protected":false},"author":2,"featured_media":0,"parent":0,"menu_order":0,"comment_status":"closed","ping_status":"closed","template":"","meta":{"_uag_custom_page_level_css":"","site-sidebar-layout":"no-sidebar","site-content-layout":"page-builder","ast-site-content-layout":"default","site-content-style":"default","site-sidebar-style":"default","ast-global-header-display":"","ast-banner-title-visibility":"","ast-main-header-display":"","ast-hfb-above-header-display":"","ast-hfb-below-header-display":"","ast-hfb-mobile-header-display":"","site-post-title":"disabled","ast-breadcrumbs-content":"","ast-featured-img":"disabled","footer-sml-layout":"","ast-disable-related-posts":"","theme-transparent-header-meta":"","adv-header-id-meta":"","stick-header-meta":"","header-above-stick-meta":"","header-main-stick-meta":"","header-below-stick-meta":"","astra-migrate-meta-layouts":"default","ast-page-background-enabled":"default","ast-page-background-meta":{"desktop":{"background-color":"var(--ast-global-color-4)","background-image":"","background-repeat":"repeat","background-position":"center center","background-size":"auto","background-attachment":"scroll","background-type":"","background-media":"","overlay-type":"","overlay-color":"","overlay-opacity":"","overlay-gradient":""},"tablet":{"background-color":"","background-image":"","background-repeat":"repeat","background-position":"center center","background-size":"auto","background-attachment":"scroll","background-type":"","background-media":"","overlay-type":"","overlay-color":"","overlay-opacity":"","overlay-gradient":""},"mobile":{"background-color":"","background-image":"","background-repeat":"repeat","background-position":"center center","background-size":"auto","background-attachment":"scroll","background-type":"","background-media":"","overlay-type":"","overlay-color":"","overlay-opacity":"","overlay-gradient":""}},"ast-content-background-meta":{"desktop":{"background-color":"var(--ast-global-color-5)","background-image":"","background-repeat":"repeat","background-position":"center center","background-size":"auto","background-attachment":"scroll","background-type":"","background-media":"","overlay-type":"","overlay-color":"","overlay-opacity":"","overlay-gradient":""},"tablet":{"background-color":"var(--ast-global-color-5)","background-image":"","background-repeat":"repeat","background-position":"center center","background-size":"auto","background-attachment":"scroll","background-type":"","background-media":"","overlay-type":"","overlay-color":"","overlay-opacity":"","overlay-gradient":""},"mobile":{"background-color":"var(--ast-global-color-5)","background-image":"","background-repeat":"repeat","background-position":"center center","background-size":"auto","background-attachment":"scroll","background-type":"","background-media":"","overlay-type":"","overlay-color":"","overlay-opacity":"","overlay-gradient":""}},"footnotes":""},"class_list":["post-701","page","type-page","status-publish","hentry"],"yoast_head":"<!-- This site is optimized with the Yoast SEO plugin v27.4 - https:\/\/yoast.com\/product\/yoast-seo-wordpress\/ -->\n<title>Historia - JMG SA - Soluciones Integrales<\/title>\n<meta name=\"robots\" content=\"index, follow, max-snippet:-1, max-image-preview:large, max-video-preview:-1\" \/>\n<link rel=\"canonical\" href=\"http:\/\/jmgsa.com.ar\/en\/historia\/\" \/>\n<meta property=\"og:locale\" content=\"en_US\" \/>\n<meta property=\"og:type\" content=\"article\" \/>\n<meta property=\"og:title\" content=\"Historia - JMG SA - Soluciones Integrales\" \/>\n<meta property=\"og:description\" content=\"NUESTRA HISTORIA descubre M\u00c1S SOBRE NOSOTROS deBAJO JMG\u00ae es una empresa argentina radicada en el coraz\u00f3n de la pampa h\u00fameda, en Esperanza, provincia de Santa Fe, dedicada a la fabricaci\u00f3n de equipos destinados a plantas de almacenamiento y acondicionamiento de granos y plantas completas elaboradoras de alimentos balanceados, cubriendo una amplia gama de medidas y [&hellip;]\" \/>\n<meta property=\"og:url\" content=\"http:\/\/jmgsa.com.ar\/en\/historia\/\" \/>\n<meta property=\"og:site_name\" content=\"JMG SA - Soluciones Integrales\" \/>\n<meta property=\"article:modified_time\" content=\"2023-09-05T17:12:35+00:00\" \/>\n<meta property=\"og:image\" content=\"http:\/\/jmgsa.com.ar\/wp-content\/uploads\/2023\/06\/cropped-logo.png\" \/>\n<meta name=\"twitter:card\" content=\"summary_large_image\" \/>\n<meta name=\"twitter:label1\" content=\"Est. reading time\" \/>\n\t<meta name=\"twitter:data1\" content=\"1 minute\" \/>\n<script type=\"application\/ld+json\" class=\"yoast-schema-graph\">{\"@context\":\"https:\\\/\\\/schema.org\",\"@graph\":[{\"@type\":\"WebPage\",\"@id\":\"http:\\\/\\\/jmgsa.com.ar\\\/historia\\\/\",\"url\":\"http:\\\/\\\/jmgsa.com.ar\\\/historia\\\/\",\"name\":\"Historia - JMG SA - Soluciones Integrales\",\"isPartOf\":{\"@id\":\"http:\\\/\\\/jmgsa.com.ar\\\/#website\"},\"primaryImageOfPage\":{\"@id\":\"http:\\\/\\\/jmgsa.com.ar\\\/historia\\\/#primaryimage\"},\"image\":{\"@id\":\"http:\\\/\\\/jmgsa.com.ar\\\/historia\\\/#primaryimage\"},\"thumbnailUrl\":\"http:\\\/\\\/jmgsa.com.ar\\\/wp-content\\\/uploads\\\/2023\\\/06\\\/cropped-logo.png\",\"datePublished\":\"2023-05-30T18:31:47+00:00\",\"dateModified\":\"2023-09-05T17:12:35+00:00\",\"breadcrumb\":{\"@id\":\"http:\\\/\\\/jmgsa.com.ar\\\/historia\\\/#breadcrumb\"},\"inLanguage\":\"en-US\",\"potentialAction\":[{\"@type\":\"ReadAction\",\"target\":[\"http:\\\/\\\/jmgsa.com.ar\\\/historia\\\/\"]}]},{\"@type\":\"ImageObject\",\"inLanguage\":\"en-US\",\"@id\":\"http:\\\/\\\/jmgsa.com.ar\\\/historia\\\/#primaryimage\",\"url\":\"http:\\\/\\\/jmgsa.com.ar\\\/wp-content\\\/uploads\\\/2023\\\/06\\\/cropped-logo.png\",\"contentUrl\":\"http:\\\/\\\/jmgsa.com.ar\\\/wp-content\\\/uploads\\\/2023\\\/06\\\/cropped-logo.png\"},{\"@type\":\"BreadcrumbList\",\"@id\":\"http:\\\/\\\/jmgsa.com.ar\\\/historia\\\/#breadcrumb\",\"itemListElement\":[{\"@type\":\"ListItem\",\"position\":1,\"name\":\"Portada\",\"item\":\"http:\\\/\\\/jmgsa.com.ar\\\/\"},{\"@type\":\"ListItem\",\"position\":2,\"name\":\"Historia\"}]},{\"@type\":\"WebSite\",\"@id\":\"http:\\\/\\\/jmgsa.com.ar\\\/#website\",\"url\":\"http:\\\/\\\/jmgsa.com.ar\\\/\",\"name\":\"JMG SA - Soluciones Integrales\",\"description\":\"Building It Better In Concrete\",\"publisher\":{\"@id\":\"http:\\\/\\\/jmgsa.com.ar\\\/#organization\"},\"alternateName\":\"JMG SA\",\"potentialAction\":[{\"@type\":\"SearchAction\",\"target\":{\"@type\":\"EntryPoint\",\"urlTemplate\":\"http:\\\/\\\/jmgsa.com.ar\\\/?s={search_term_string}\"},\"query-input\":{\"@type\":\"PropertyValueSpecification\",\"valueRequired\":true,\"valueName\":\"search_term_string\"}}],\"inLanguage\":\"en-US\"},{\"@type\":\"Organization\",\"@id\":\"http:\\\/\\\/jmgsa.com.ar\\\/#organization\",\"name\":\"JMG SAICA\",\"alternateName\":\"JMG\",\"url\":\"http:\\\/\\\/jmgsa.com.ar\\\/\",\"logo\":{\"@type\":\"ImageObject\",\"inLanguage\":\"en-US\",\"@id\":\"http:\\\/\\\/jmgsa.com.ar\\\/#\\\/schema\\\/logo\\\/image\\\/\",\"url\":\"http:\\\/\\\/jmgsa.com.ar\\\/wp-content\\\/uploads\\\/2023\\\/05\\\/imagen_2023-05-20_150721808.png\",\"contentUrl\":\"http:\\\/\\\/jmgsa.com.ar\\\/wp-content\\\/uploads\\\/2023\\\/05\\\/imagen_2023-05-20_150721808.png\",\"width\":146,\"height\":130,\"caption\":\"JMG SAICA\"},\"image\":{\"@id\":\"http:\\\/\\\/jmgsa.com.ar\\\/#\\\/schema\\\/logo\\\/image\\\/\"}}]}<\/script>\n<!-- \/ Yoast SEO plugin. -->","yoast_head_json":{"title":"Historia - JMG SA - Soluciones Integrales","robots":{"index":"index","follow":"follow","max-snippet":"max-snippet:-1","max-image-preview":"max-image-preview:large","max-video-preview":"max-video-preview:-1"},"canonical":"http:\/\/jmgsa.com.ar\/en\/historia\/","og_locale":"en_US","og_type":"article","og_title":"Historia - JMG SA - Soluciones Integrales","og_description":"NUESTRA HISTORIA descubre M\u00c1S SOBRE NOSOTROS deBAJO JMG\u00ae es una empresa argentina radicada en el coraz\u00f3n de la pampa h\u00fameda, en Esperanza, provincia de Santa Fe, dedicada a la fabricaci\u00f3n de equipos destinados a plantas de almacenamiento y acondicionamiento de granos y plantas completas elaboradoras de alimentos balanceados, cubriendo una amplia gama de medidas y [&hellip;]","og_url":"http:\/\/jmgsa.com.ar\/en\/historia\/","og_site_name":"JMG SA - Soluciones Integrales","article_modified_time":"2023-09-05T17:12:35+00:00","og_image":[{"url":"http:\/\/jmgsa.com.ar\/wp-content\/uploads\/2023\/06\/cropped-logo.png","type":"","width":"","height":""}],"twitter_card":"summary_large_image","twitter_misc":{"Est. reading time":"1 minute"},"schema":{"@context":"https:\/\/schema.org","@graph":[{"@type":"WebPage","@id":"http:\/\/jmgsa.com.ar\/historia\/","url":"http:\/\/jmgsa.com.ar\/historia\/","name":"Historia - JMG SA - Soluciones Integrales","isPartOf":{"@id":"http:\/\/jmgsa.com.ar\/#website"},"primaryImageOfPage":{"@id":"http:\/\/jmgsa.com.ar\/historia\/#primaryimage"},"image":{"@id":"http:\/\/jmgsa.com.ar\/historia\/#primaryimage"},"thumbnailUrl":"http:\/\/jmgsa.com.ar\/wp-content\/uploads\/2023\/06\/cropped-logo.png","datePublished":"2023-05-30T18:31:47+00:00","dateModified":"2023-09-05T17:12:35+00:00","breadcrumb":{"@id":"http:\/\/jmgsa.com.ar\/historia\/#breadcrumb"},"inLanguage":"en-US","potentialAction":[{"@type":"ReadAction","target":["http:\/\/jmgsa.com.ar\/historia\/"]}]},{"@type":"ImageObject","inLanguage":"en-US","@id":"http:\/\/jmgsa.com.ar\/historia\/#primaryimage","url":"http:\/\/jmgsa.com.ar\/wp-content\/uploads\/2023\/06\/cropped-logo.png","contentUrl":"http:\/\/jmgsa.com.ar\/wp-content\/uploads\/2023\/06\/cropped-logo.png"},{"@type":"BreadcrumbList","@id":"http:\/\/jmgsa.com.ar\/historia\/#breadcrumb","itemListElement":[{"@type":"ListItem","position":1,"name":"Portada","item":"http:\/\/jmgsa.com.ar\/"},{"@type":"ListItem","position":2,"name":"Historia"}]},{"@type":"WebSite","@id":"http:\/\/jmgsa.com.ar\/#website","url":"http:\/\/jmgsa.com.ar\/","name":"JMG SA - Soluciones Integrales","description":"Building It Better In Concrete","publisher":{"@id":"http:\/\/jmgsa.com.ar\/#organization"},"alternateName":"JMG SA","potentialAction":[{"@type":"SearchAction","target":{"@type":"EntryPoint","urlTemplate":"http:\/\/jmgsa.com.ar\/?s={search_term_string}"},"query-input":{"@type":"PropertyValueSpecification","valueRequired":true,"valueName":"search_term_string"}}],"inLanguage":"en-US"},{"@type":"Organization","@id":"http:\/\/jmgsa.com.ar\/#organization","name":"JMG SAICA","alternateName":"JMG","url":"http:\/\/jmgsa.com.ar\/","logo":{"@type":"ImageObject","inLanguage":"en-US","@id":"http:\/\/jmgsa.com.ar\/#\/schema\/logo\/image\/","url":"http:\/\/jmgsa.com.ar\/wp-content\/uploads\/2023\/05\/imagen_2023-05-20_150721808.png","contentUrl":"http:\/\/jmgsa.com.ar\/wp-content\/uploads\/2023\/05\/imagen_2023-05-20_150721808.png","width":146,"height":130,"caption":"JMG SAICA"},"image":{"@id":"http:\/\/jmgsa.com.ar\/#\/schema\/logo\/image\/"}}]}},"uagb_featured_image_src":{"full":false,"thumbnail":false,"medium":false,"medium_large":false,"large":false,"1536x1536":false,"2048x2048":false,"trp-custom-language-flag":false},"uagb_author_info":{"display_name":"pel983hu","author_link":"http:\/\/jmgsa.com.ar\/en\/author\/pel983hu\/"},"uagb_comment_info":0,"uagb_excerpt":"NUESTRA HISTORIA descubre M\u00c1S SOBRE NOSOTROS deBAJO JMG\u00ae es una empresa argentina radicada en el coraz\u00f3n de la pampa h\u00fameda, en Esperanza, provincia de Santa Fe, dedicada a la fabricaci\u00f3n de equipos destinados a plantas de almacenamiento y acondicionamiento de granos y plantas completas elaboradoras de alimentos balanceados, cubriendo una amplia gama de medidas y&hellip;","_links":{"self":[{"href":"http:\/\/jmgsa.com.ar\/en\/wp-json\/wp\/v2\/pages\/701","targetHints":{"allow":["GET"]}}],"collection":[{"href":"http:\/\/jmgsa.com.ar\/en\/wp-json\/wp\/v2\/pages"}],"about":[{"href":"http:\/\/jmgsa.com.ar\/en\/wp-json\/wp\/v2\/types\/page"}],"author":[{"embeddable":true,"href":"http:\/\/jmgsa.com.ar\/en\/wp-json\/wp\/v2\/users\/2"}],"replies":[{"embeddable":true,"href":"http:\/\/jmgsa.com.ar\/en\/wp-json\/wp\/v2\/comments?post=701"}],"version-history":[{"count":192,"href":"http:\/\/jmgsa.com.ar\/en\/wp-json\/wp\/v2\/pages\/701\/revisions"}],"predecessor-version":[{"id":3870,"href":"http:\/\/jmgsa.com.ar\/en\/wp-json\/wp\/v2\/pages\/701\/revisions\/3870"}],"wp:attachment":[{"href":"http:\/\/jmgsa.com.ar\/en\/wp-json\/wp\/v2\/media?parent=701"}],"curies":[{"name":"wp","href":"https:\/\/api.w.org\/{rel}","templated":true}]}}