{"id":2327,"date":"2023-07-09T02:36:17","date_gmt":"2023-07-09T02:36:17","guid":{"rendered":"http:\/\/jmgsa.com.ar\/?page_id=2327"},"modified":"2024-05-20T13:27:38","modified_gmt":"2024-05-20T13:27:38","slug":"silos-y-mecanizaciones","status":"publish","type":"page","link":"http:\/\/jmgsa.com.ar\/en\/silos-y-mecanizaciones\/","title":{"rendered":"Silos and Mechanizations"},"content":{"rendered":"<div data-elementor-type=\"wp-page\" data-elementor-id=\"2327\" class=\"elementor elementor-2327\" data-elementor-post-type=\"page\">\n\t\t\t\t\t\t<section class=\"elementor-section elementor-top-section elementor-element elementor-element-5ce1d47 elementor-section-height-min-height elementor-section-boxed elementor-section-height-default elementor-section-items-middle\" data-id=\"5ce1d47\" data-element_type=\"section\" data-e-type=\"section\" data-settings=\"{&quot;background_background&quot;:&quot;classic&quot;}\">\n\t\t\t\t\t\t\t<div class=\"elementor-background-overlay\"><\/div>\n\t\t\t\t\t\t\t<div class=\"elementor-container elementor-column-gap-no\">\n\t\t\t\t\t<div class=\"elementor-column elementor-col-100 elementor-top-column elementor-element elementor-element-3c73991\" data-id=\"3c73991\" data-element_type=\"column\" data-e-type=\"column\">\n\t\t\t<div class=\"elementor-widget-wrap elementor-element-populated\">\n\t\t\t\t\t\t<div class=\"elementor-element elementor-element-4d20aa5 elementor-widget elementor-widget-spacer\" data-id=\"4d20aa5\" data-element_type=\"widget\" data-e-type=\"widget\" data-widget_type=\"spacer.default\">\n\t\t\t\t<div class=\"elementor-widget-container\">\n\t\t\t\t\t\t\t<div class=\"elementor-spacer\">\n\t\t\t<div class=\"elementor-spacer-inner\"><\/div>\n\t\t<\/div>\n\t\t\t\t\t\t<\/div>\n\t\t\t\t<\/div>\n\t\t\t\t<div class=\"elementor-element elementor-element-98e393d elementor-invisible elementor-widget elementor-widget-heading\" data-id=\"98e393d\" data-element_type=\"widget\" data-e-type=\"widget\" data-settings=\"{&quot;_animation&quot;:&quot;zoomIn&quot;}\" data-widget_type=\"heading.default\">\n\t\t\t\t<div class=\"elementor-widget-container\">\n\t\t\t\t\t<h1 class=\"elementor-heading-title elementor-size-default\">silos and mechanizations<\/h1>\t\t\t\t<\/div>\n\t\t\t\t<\/div>\n\t\t\t\t<div class=\"elementor-element elementor-element-11fefd8 elementor-widget-divider--view-line elementor-widget elementor-widget-divider\" data-id=\"11fefd8\" data-element_type=\"widget\" data-e-type=\"widget\" data-widget_type=\"divider.default\">\n\t\t\t\t<div class=\"elementor-widget-container\">\n\t\t\t\t\t\t\t<div class=\"elementor-divider\">\n\t\t\t<span class=\"elementor-divider-separator\">\n\t\t\t\t\t\t<\/span>\n\t\t<\/div>\n\t\t\t\t\t\t<\/div>\n\t\t\t\t<\/div>\n\t\t\t\t<div class=\"elementor-element elementor-element-73acb7f elementor-widget elementor-widget-heading\" data-id=\"73acb7f\" data-element_type=\"widget\" data-e-type=\"widget\" data-widget_type=\"heading.default\">\n\t\t\t\t<div class=\"elementor-widget-container\">\n\t\t\t\t\t<h3 class=\"elementor-heading-title elementor-size-default\">find out MORE ABOUT them BELOW<\/h3>\t\t\t\t<\/div>\n\t\t\t\t<\/div>\n\t\t\t\t<div class=\"elementor-element elementor-element-51004c6 elementor-view-stacked elementor-shape-square e-transform elementor-invisible elementor-widget elementor-widget-icon\" data-id=\"51004c6\" data-element_type=\"widget\" data-e-type=\"widget\" data-settings=\"{&quot;_animation&quot;:&quot;jello&quot;,&quot;_transform_scale_effect_hover&quot;:{&quot;unit&quot;:&quot;px&quot;,&quot;size&quot;:1.2,&quot;sizes&quot;:[]},&quot;_transform_scale_effect_hover_widescreen&quot;:{&quot;unit&quot;:&quot;px&quot;,&quot;size&quot;:&quot;&quot;,&quot;sizes&quot;:[]},&quot;_transform_scale_effect_hover_laptop&quot;:{&quot;unit&quot;:&quot;px&quot;,&quot;size&quot;:&quot;&quot;,&quot;sizes&quot;:[]},&quot;_transform_scale_effect_hover_tablet_extra&quot;:{&quot;unit&quot;:&quot;px&quot;,&quot;size&quot;:&quot;&quot;,&quot;sizes&quot;:[]},&quot;_transform_scale_effect_hover_tablet&quot;:{&quot;unit&quot;:&quot;px&quot;,&quot;size&quot;:&quot;&quot;,&quot;sizes&quot;:[]},&quot;_transform_scale_effect_hover_mobile_extra&quot;:{&quot;unit&quot;:&quot;px&quot;,&quot;size&quot;:&quot;&quot;,&quot;sizes&quot;:[]},&quot;_transform_scale_effect_hover_mobile&quot;:{&quot;unit&quot;:&quot;px&quot;,&quot;size&quot;:&quot;&quot;,&quot;sizes&quot;:[]}}\" data-widget_type=\"icon.default\">\n\t\t\t\t<div class=\"elementor-widget-container\">\n\t\t\t\t\t\t\t<div class=\"elementor-icon-wrapper\">\n\t\t\t<a class=\"elementor-icon\" href=\"#info-silos\">\n\t\t\t<i aria-hidden=\"true\" class=\"fas fa-arrow-down\"><\/i>\t\t\t<\/a>\n\t\t<\/div>\n\t\t\t\t\t\t<\/div>\n\t\t\t\t<\/div>\n\t\t\t\t\t<\/div>\n\t\t<\/div>\n\t\t\t\t\t<\/div>\n\t\t<\/section>\n\t\t\t\t<section class=\"elementor-section elementor-top-section elementor-element elementor-element-dd7cd02 elementor-section-content-middle elementor-section-boxed elementor-section-height-default elementor-section-height-default\" data-id=\"dd7cd02\" data-element_type=\"section\" data-e-type=\"section\" id=\"info-silos\" data-settings=\"{&quot;background_background&quot;:&quot;classic&quot;}\">\n\t\t\t\t\t\t<div class=\"elementor-container elementor-column-gap-no\">\n\t\t\t\t\t<div class=\"elementor-column elementor-col-50 elementor-top-column elementor-element elementor-element-f0cc34f\" data-id=\"f0cc34f\" data-element_type=\"column\" data-e-type=\"column\">\n\t\t\t<div class=\"elementor-widget-wrap elementor-element-populated\">\n\t\t\t\t\t\t<div class=\"elementor-element elementor-element-9ade5d6 elementor-invisible elementor-widget elementor-widget-heading\" data-id=\"9ade5d6\" data-element_type=\"widget\" data-e-type=\"widget\" data-settings=\"{&quot;_animation&quot;:&quot;zoomIn&quot;}\" data-widget_type=\"heading.default\">\n\t\t\t\t<div class=\"elementor-widget-container\">\n\t\t\t\t\t<h2 class=\"elementor-heading-title elementor-size-default\">SILOS AND MECHANIZATIONS<\/h2>\t\t\t\t<\/div>\n\t\t\t\t<\/div>\n\t\t\t\t<div class=\"elementor-element elementor-element-be8539a elementor-widget-divider--view-line elementor-invisible elementor-widget elementor-widget-divider\" data-id=\"be8539a\" data-element_type=\"widget\" data-e-type=\"widget\" data-settings=\"{&quot;_animation&quot;:&quot;slideInLeft&quot;}\" data-widget_type=\"divider.default\">\n\t\t\t\t<div class=\"elementor-widget-container\">\n\t\t\t\t\t\t\t<div class=\"elementor-divider\">\n\t\t\t<span class=\"elementor-divider-separator\">\n\t\t\t\t\t\t<\/span>\n\t\t<\/div>\n\t\t\t\t\t\t<\/div>\n\t\t\t\t<\/div>\n\t\t\t\t<div class=\"elementor-element elementor-element-4299aac elementor-widget elementor-widget-heading\" data-id=\"4299aac\" data-element_type=\"widget\" data-e-type=\"widget\" data-widget_type=\"heading.default\">\n\t\t\t\t<div class=\"elementor-widget-container\">\n\t\t\t\t\t<h4 class=\"elementor-heading-title elementor-size-default\">Click on the links for more information.<\/h4>\t\t\t\t<\/div>\n\t\t\t\t<\/div>\n\t\t\t\t<div class=\"elementor-element elementor-element-fccfcd5 elementor-icon-list--layout-traditional elementor-list-item-link-full_width elementor-widget elementor-widget-icon-list\" data-id=\"fccfcd5\" data-element_type=\"widget\" data-e-type=\"widget\" data-widget_type=\"icon-list.default\">\n\t\t\t\t<div class=\"elementor-widget-container\">\n\t\t\t\t\t\t\t<ul class=\"elementor-icon-list-items\">\n\t\t\t\t\t\t\t<li class=\"elementor-icon-list-item\">\n\t\t\t\t\t\t\t\t\t\t\t<a href=\"http:\/\/jmgsa.com.ar\/en\/silos-elevados\/\">\n\n\t\t\t\t\t\t\t\t\t\t\t\t<span class=\"elementor-icon-list-icon\">\n\t\t\t\t\t\t\t<i aria-hidden=\"true\" class=\"fas fa-external-link-alt\"><\/i>\t\t\t\t\t\t<\/span>\n\t\t\t\t\t\t\t\t\t\t<span class=\"elementor-icon-list-text\">Elevated Silos<\/span>\n\t\t\t\t\t\t\t\t\t\t\t<\/a>\n\t\t\t\t\t\t\t\t\t<\/li>\n\t\t\t\t\t\t\t\t<li class=\"elementor-icon-list-item\">\n\t\t\t\t\t\t\t\t\t\t\t<a href=\"http:\/\/jmgsa.com.ar\/en\/silos-fondo-conico\/\">\n\n\t\t\t\t\t\t\t\t\t\t\t\t<span class=\"elementor-icon-list-icon\">\n\t\t\t\t\t\t\t<i aria-hidden=\"true\" class=\"fas fa-external-link-alt\"><\/i>\t\t\t\t\t\t<\/span>\n\t\t\t\t\t\t\t\t\t\t<span class=\"elementor-icon-list-text\">Conical Floor Silos<\/span>\n\t\t\t\t\t\t\t\t\t\t\t<\/a>\n\t\t\t\t\t\t\t\t\t<\/li>\n\t\t\t\t\t\t\t\t<li class=\"elementor-icon-list-item\">\n\t\t\t\t\t\t\t\t\t\t\t<a href=\"http:\/\/jmgsa.com.ar\/en\/silos-fondo-plano\/\">\n\n\t\t\t\t\t\t\t\t\t\t\t\t<span class=\"elementor-icon-list-icon\">\n\t\t\t\t\t\t\t<i aria-hidden=\"true\" class=\"fas fa-external-link-alt\"><\/i>\t\t\t\t\t\t<\/span>\n\t\t\t\t\t\t\t\t\t\t<span class=\"elementor-icon-list-text\">Flat Floor Silos<\/span>\n\t\t\t\t\t\t\t\t\t\t\t<\/a>\n\t\t\t\t\t\t\t\t\t<\/li>\n\t\t\t\t\t\t\t\t<li class=\"elementor-icon-list-item\">\n\t\t\t\t\t\t\t\t\t\t\t<a href=\"http:\/\/jmgsa.com.ar\/en\/redler-galvanizados\/\">\n\n\t\t\t\t\t\t\t\t\t\t\t\t<span class=\"elementor-icon-list-icon\">\n\t\t\t\t\t\t\t<i aria-hidden=\"true\" class=\"fas fa-external-link-alt\"><\/i>\t\t\t\t\t\t<\/span>\n\t\t\t\t\t\t\t\t\t\t<span class=\"elementor-icon-list-text\">Redler Galvanized<\/span>\n\t\t\t\t\t\t\t\t\t\t\t<\/a>\n\t\t\t\t\t\t\t\t\t<\/li>\n\t\t\t\t\t\t\t\t<li class=\"elementor-icon-list-item\">\n\t\t\t\t\t\t\t\t\t\t\t<a href=\"http:\/\/jmgsa.com.ar\/en\/cintas-transportadoras-galvanizadas\/\">\n\n\t\t\t\t\t\t\t\t\t\t\t\t<span class=\"elementor-icon-list-icon\">\n\t\t\t\t\t\t\t<i aria-hidden=\"true\" class=\"fas fa-external-link-alt\"><\/i>\t\t\t\t\t\t<\/span>\n\t\t\t\t\t\t\t\t\t\t<span class=\"elementor-icon-list-text\">Galvanized Conveyor Belts<\/span>\n\t\t\t\t\t\t\t\t\t\t\t<\/a>\n\t\t\t\t\t\t\t\t\t<\/li>\n\t\t\t\t\t\t\t\t<li class=\"elementor-icon-list-item\">\n\t\t\t\t\t\t\t\t\t\t\t<a href=\"http:\/\/jmgsa.com.ar\/en\/elevadores-de-granos-galvanizados\/\">\n\n\t\t\t\t\t\t\t\t\t\t\t\t<span class=\"elementor-icon-list-icon\">\n\t\t\t\t\t\t\t<i aria-hidden=\"true\" class=\"fas fa-external-link-alt\"><\/i>\t\t\t\t\t\t<\/span>\n\t\t\t\t\t\t\t\t\t\t<span class=\"elementor-icon-list-text\">Galvanized Grains Elevators<\/span>\n\t\t\t\t\t\t\t\t\t\t\t<\/a>\n\t\t\t\t\t\t\t\t\t<\/li>\n\t\t\t\t\t\t\t\t<li class=\"elementor-icon-list-item\">\n\t\t\t\t\t\t\t\t\t\t\t<a href=\"http:\/\/jmgsa.com.ar\/en\/transportadora-de-granos-de-rosca-sin-fin\/\">\n\n\t\t\t\t\t\t\t\t\t\t\t\t<span class=\"elementor-icon-list-icon\">\n\t\t\t\t\t\t\t<i aria-hidden=\"true\" class=\"fas fa-external-link-alt\"><\/i>\t\t\t\t\t\t<\/span>\n\t\t\t\t\t\t\t\t\t\t<span class=\"elementor-icon-list-text\">Endless Grain Screw Conveyors<\/span>\n\t\t\t\t\t\t\t\t\t\t\t<\/a>\n\t\t\t\t\t\t\t\t\t<\/li>\n\t\t\t\t\t\t<\/ul>\n\t\t\t\t\t\t<\/div>\n\t\t\t\t<\/div>\n\t\t\t\t\t<\/div>\n\t\t<\/div>\n\t\t\t\t<div class=\"elementor-column elementor-col-50 elementor-top-column elementor-element elementor-element-cbc97b4 elementor-invisible\" data-id=\"cbc97b4\" data-element_type=\"column\" data-e-type=\"column\" data-settings=\"{&quot;background_background&quot;:&quot;gradient&quot;,&quot;animation&quot;:&quot;slideInRight&quot;}\">\n\t\t\t<div class=\"elementor-widget-wrap elementor-element-populated\">\n\t\t\t\t\t\t<div class=\"elementor-element elementor-element-c644564 elementor-widget elementor-widget-image\" data-id=\"c644564\" data-element_type=\"widget\" data-e-type=\"widget\" data-widget_type=\"image.default\">\n\t\t\t\t<div class=\"elementor-widget-container\">\n\t\t\t\t\t\t\t\t\t\t\t\t\t\t\t<img fetchpriority=\"high\" decoding=\"async\" width=\"800\" height=\"533\" src=\"http:\/\/jmgsa.com.ar\/wp-content\/uploads\/2023\/05\/6ada1a56d295e46ce5925f5a.png\" class=\"attachment-full size-full wp-image-793\" alt=\"SILOS JMG\" srcset=\"http:\/\/jmgsa.com.ar\/wp-content\/uploads\/2023\/05\/6ada1a56d295e46ce5925f5a.png 800w, http:\/\/jmgsa.com.ar\/wp-content\/uploads\/2023\/05\/6ada1a56d295e46ce5925f5a-300x200.png 300w, http:\/\/jmgsa.com.ar\/wp-content\/uploads\/2023\/05\/6ada1a56d295e46ce5925f5a-768x512.png 768w\" sizes=\"(max-width: 800px) 100vw, 800px\" \/>\t\t\t\t\t\t\t\t\t\t\t\t\t\t\t<\/div>\n\t\t\t\t<\/div>\n\t\t\t\t\t<\/div>\n\t\t<\/div>\n\t\t\t\t\t<\/div>\n\t\t<\/section>\n\t\t\t\t<\/div>","protected":false},"excerpt":{"rendered":"<p>silos y mecanizaciones descubre M\u00c1S SOBRE ellos deBAJO SILOS Y MECANIZACIONES Clicke\u00e1 en los enlaces para m\u00e1s informaci\u00f3n. Silos Elevados Silos Fondo C\u00f3nico Silos Fondo Plano Redler Galvanizados Cintas Transportadoras Galvanizadas Elevadores de Granos Galvanizados Transportadoras de Granos de Rosca Sin Fin<\/p>","protected":false},"author":2,"featured_media":0,"parent":0,"menu_order":0,"comment_status":"closed","ping_status":"closed","template":"","meta":{"_uag_custom_page_level_css":"","site-sidebar-layout":"no-sidebar","site-content-layout":"page-builder","ast-site-content-layout":"default","site-content-style":"default","site-sidebar-style":"default","ast-global-header-display":"","ast-banner-title-visibility":"","ast-main-header-display":"","ast-hfb-above-header-display":"","ast-hfb-below-header-display":"","ast-hfb-mobile-header-display":"","site-post-title":"disabled","ast-breadcrumbs-content":"","ast-featured-img":"disabled","footer-sml-layout":"","ast-disable-related-posts":"","theme-transparent-header-meta":"","adv-header-id-meta":"","stick-header-meta":"","header-above-stick-meta":"","header-main-stick-meta":"","header-below-stick-meta":"","astra-migrate-meta-layouts":"default","ast-page-background-enabled":"default","ast-page-background-meta":{"desktop":{"background-color":"var(--ast-global-color-4)","background-image":"","background-repeat":"repeat","background-position":"center center","background-size":"auto","background-attachment":"scroll","background-type":"","background-media":"","overlay-type":"","overlay-color":"","overlay-opacity":"","overlay-gradient":""},"tablet":{"background-color":"","background-image":"","background-repeat":"repeat","background-position":"center center","background-size":"auto","background-attachment":"scroll","background-type":"","background-media":"","overlay-type":"","overlay-color":"","overlay-opacity":"","overlay-gradient":""},"mobile":{"background-color":"","background-image":"","background-repeat":"repeat","background-position":"center center","background-size":"auto","background-attachment":"scroll","background-type":"","background-media":"","overlay-type":"","overlay-color":"","overlay-opacity":"","overlay-gradient":""}},"ast-content-background-meta":{"desktop":{"background-color":"var(--ast-global-color-5)","background-image":"","background-repeat":"repeat","background-position":"center center","background-size":"auto","background-attachment":"scroll","background-type":"","background-media":"","overlay-type":"","overlay-color":"","overlay-opacity":"","overlay-gradient":""},"tablet":{"background-color":"var(--ast-global-color-5)","background-image":"","background-repeat":"repeat","background-position":"center center","background-size":"auto","background-attachment":"scroll","background-type":"","background-media":"","overlay-type":"","overlay-color":"","overlay-opacity":"","overlay-gradient":""},"mobile":{"background-color":"var(--ast-global-color-5)","background-image":"","background-repeat":"repeat","background-position":"center center","background-size":"auto","background-attachment":"scroll","background-type":"","background-media":"","overlay-type":"","overlay-color":"","overlay-opacity":"","overlay-gradient":""}},"footnotes":""},"class_list":["post-2327","page","type-page","status-publish","hentry"],"yoast_head":"<!-- This site is optimized with the Yoast SEO plugin v27.4 - https:\/\/yoast.com\/product\/yoast-seo-wordpress\/ -->\n<title>Silos y Mecanizaciones - JMG SA - Soluciones Integrales<\/title>\n<meta name=\"robots\" content=\"index, follow, max-snippet:-1, max-image-preview:large, max-video-preview:-1\" \/>\n<link rel=\"canonical\" href=\"http:\/\/jmgsa.com.ar\/en\/silos-y-mecanizaciones\/\" \/>\n<meta property=\"og:locale\" content=\"en_US\" \/>\n<meta property=\"og:type\" content=\"article\" \/>\n<meta property=\"og:title\" content=\"Silos y Mecanizaciones - JMG SA - Soluciones Integrales\" \/>\n<meta property=\"og:description\" content=\"silos y mecanizaciones descubre M\u00c1S SOBRE ellos deBAJO SILOS Y MECANIZACIONES Clicke\u00e1 en los enlaces para m\u00e1s informaci\u00f3n. Silos Elevados Silos Fondo C\u00f3nico Silos Fondo Plano Redler Galvanizados Cintas Transportadoras Galvanizadas Elevadores de Granos Galvanizados Transportadoras de Granos de Rosca Sin Fin\" \/>\n<meta property=\"og:url\" content=\"http:\/\/jmgsa.com.ar\/en\/silos-y-mecanizaciones\/\" \/>\n<meta property=\"og:site_name\" content=\"JMG SA - Soluciones Integrales\" \/>\n<meta property=\"article:modified_time\" content=\"2024-05-20T13:27:38+00:00\" \/>\n<meta property=\"og:image\" content=\"http:\/\/jmgsa.com.ar\/wp-content\/uploads\/2023\/05\/6ada1a56d295e46ce5925f5a.png\" \/>\n<meta name=\"twitter:card\" content=\"summary_large_image\" \/>\n<meta name=\"twitter:label1\" content=\"Est. reading time\" \/>\n\t<meta name=\"twitter:data1\" content=\"1 minute\" \/>\n<script type=\"application\/ld+json\" class=\"yoast-schema-graph\">{\"@context\":\"https:\\\/\\\/schema.org\",\"@graph\":[{\"@type\":\"WebPage\",\"@id\":\"http:\\\/\\\/jmgsa.com.ar\\\/silos-y-mecanizaciones\\\/\",\"url\":\"http:\\\/\\\/jmgsa.com.ar\\\/silos-y-mecanizaciones\\\/\",\"name\":\"Silos y Mecanizaciones - JMG SA - Soluciones Integrales\",\"isPartOf\":{\"@id\":\"http:\\\/\\\/jmgsa.com.ar\\\/#website\"},\"primaryImageOfPage\":{\"@id\":\"http:\\\/\\\/jmgsa.com.ar\\\/silos-y-mecanizaciones\\\/#primaryimage\"},\"image\":{\"@id\":\"http:\\\/\\\/jmgsa.com.ar\\\/silos-y-mecanizaciones\\\/#primaryimage\"},\"thumbnailUrl\":\"http:\\\/\\\/jmgsa.com.ar\\\/wp-content\\\/uploads\\\/2023\\\/05\\\/6ada1a56d295e46ce5925f5a.png\",\"datePublished\":\"2023-07-09T02:36:17+00:00\",\"dateModified\":\"2024-05-20T13:27:38+00:00\",\"breadcrumb\":{\"@id\":\"http:\\\/\\\/jmgsa.com.ar\\\/silos-y-mecanizaciones\\\/#breadcrumb\"},\"inLanguage\":\"en-US\",\"potentialAction\":[{\"@type\":\"ReadAction\",\"target\":[\"http:\\\/\\\/jmgsa.com.ar\\\/silos-y-mecanizaciones\\\/\"]}]},{\"@type\":\"ImageObject\",\"inLanguage\":\"en-US\",\"@id\":\"http:\\\/\\\/jmgsa.com.ar\\\/silos-y-mecanizaciones\\\/#primaryimage\",\"url\":\"http:\\\/\\\/jmgsa.com.ar\\\/wp-content\\\/uploads\\\/2023\\\/05\\\/6ada1a56d295e46ce5925f5a.png\",\"contentUrl\":\"http:\\\/\\\/jmgsa.com.ar\\\/wp-content\\\/uploads\\\/2023\\\/05\\\/6ada1a56d295e46ce5925f5a.png\"},{\"@type\":\"BreadcrumbList\",\"@id\":\"http:\\\/\\\/jmgsa.com.ar\\\/silos-y-mecanizaciones\\\/#breadcrumb\",\"itemListElement\":[{\"@type\":\"ListItem\",\"position\":1,\"name\":\"Portada\",\"item\":\"http:\\\/\\\/jmgsa.com.ar\\\/\"},{\"@type\":\"ListItem\",\"position\":2,\"name\":\"Silos y Mecanizaciones\"}]},{\"@type\":\"WebSite\",\"@id\":\"http:\\\/\\\/jmgsa.com.ar\\\/#website\",\"url\":\"http:\\\/\\\/jmgsa.com.ar\\\/\",\"name\":\"JMG SA - Soluciones Integrales\",\"description\":\"Building It Better In Concrete\",\"publisher\":{\"@id\":\"http:\\\/\\\/jmgsa.com.ar\\\/#organization\"},\"alternateName\":\"JMG SA\",\"potentialAction\":[{\"@type\":\"SearchAction\",\"target\":{\"@type\":\"EntryPoint\",\"urlTemplate\":\"http:\\\/\\\/jmgsa.com.ar\\\/?s={search_term_string}\"},\"query-input\":{\"@type\":\"PropertyValueSpecification\",\"valueRequired\":true,\"valueName\":\"search_term_string\"}}],\"inLanguage\":\"en-US\"},{\"@type\":\"Organization\",\"@id\":\"http:\\\/\\\/jmgsa.com.ar\\\/#organization\",\"name\":\"JMG SAICA\",\"alternateName\":\"JMG\",\"url\":\"http:\\\/\\\/jmgsa.com.ar\\\/\",\"logo\":{\"@type\":\"ImageObject\",\"inLanguage\":\"en-US\",\"@id\":\"http:\\\/\\\/jmgsa.com.ar\\\/#\\\/schema\\\/logo\\\/image\\\/\",\"url\":\"http:\\\/\\\/jmgsa.com.ar\\\/wp-content\\\/uploads\\\/2023\\\/05\\\/imagen_2023-05-20_150721808.png\",\"contentUrl\":\"http:\\\/\\\/jmgsa.com.ar\\\/wp-content\\\/uploads\\\/2023\\\/05\\\/imagen_2023-05-20_150721808.png\",\"width\":146,\"height\":130,\"caption\":\"JMG SAICA\"},\"image\":{\"@id\":\"http:\\\/\\\/jmgsa.com.ar\\\/#\\\/schema\\\/logo\\\/image\\\/\"}}]}<\/script>\n<!-- \/ Yoast SEO plugin. -->","yoast_head_json":{"title":"Silos y Mecanizaciones - JMG SA - Soluciones Integrales","robots":{"index":"index","follow":"follow","max-snippet":"max-snippet:-1","max-image-preview":"max-image-preview:large","max-video-preview":"max-video-preview:-1"},"canonical":"http:\/\/jmgsa.com.ar\/en\/silos-y-mecanizaciones\/","og_locale":"en_US","og_type":"article","og_title":"Silos y Mecanizaciones - JMG SA - Soluciones Integrales","og_description":"silos y mecanizaciones descubre M\u00c1S SOBRE ellos deBAJO SILOS Y MECANIZACIONES Clicke\u00e1 en los enlaces para m\u00e1s informaci\u00f3n. Silos Elevados Silos Fondo C\u00f3nico Silos Fondo Plano Redler Galvanizados Cintas Transportadoras Galvanizadas Elevadores de Granos Galvanizados Transportadoras de Granos de Rosca Sin Fin","og_url":"http:\/\/jmgsa.com.ar\/en\/silos-y-mecanizaciones\/","og_site_name":"JMG SA - Soluciones Integrales","article_modified_time":"2024-05-20T13:27:38+00:00","og_image":[{"url":"http:\/\/jmgsa.com.ar\/wp-content\/uploads\/2023\/05\/6ada1a56d295e46ce5925f5a.png","type":"","width":"","height":""}],"twitter_card":"summary_large_image","twitter_misc":{"Est. reading time":"1 minute"},"schema":{"@context":"https:\/\/schema.org","@graph":[{"@type":"WebPage","@id":"http:\/\/jmgsa.com.ar\/silos-y-mecanizaciones\/","url":"http:\/\/jmgsa.com.ar\/silos-y-mecanizaciones\/","name":"Silos y Mecanizaciones - JMG SA - Soluciones Integrales","isPartOf":{"@id":"http:\/\/jmgsa.com.ar\/#website"},"primaryImageOfPage":{"@id":"http:\/\/jmgsa.com.ar\/silos-y-mecanizaciones\/#primaryimage"},"image":{"@id":"http:\/\/jmgsa.com.ar\/silos-y-mecanizaciones\/#primaryimage"},"thumbnailUrl":"http:\/\/jmgsa.com.ar\/wp-content\/uploads\/2023\/05\/6ada1a56d295e46ce5925f5a.png","datePublished":"2023-07-09T02:36:17+00:00","dateModified":"2024-05-20T13:27:38+00:00","breadcrumb":{"@id":"http:\/\/jmgsa.com.ar\/silos-y-mecanizaciones\/#breadcrumb"},"inLanguage":"en-US","potentialAction":[{"@type":"ReadAction","target":["http:\/\/jmgsa.com.ar\/silos-y-mecanizaciones\/"]}]},{"@type":"ImageObject","inLanguage":"en-US","@id":"http:\/\/jmgsa.com.ar\/silos-y-mecanizaciones\/#primaryimage","url":"http:\/\/jmgsa.com.ar\/wp-content\/uploads\/2023\/05\/6ada1a56d295e46ce5925f5a.png","contentUrl":"http:\/\/jmgsa.com.ar\/wp-content\/uploads\/2023\/05\/6ada1a56d295e46ce5925f5a.png"},{"@type":"BreadcrumbList","@id":"http:\/\/jmgsa.com.ar\/silos-y-mecanizaciones\/#breadcrumb","itemListElement":[{"@type":"ListItem","position":1,"name":"Portada","item":"http:\/\/jmgsa.com.ar\/"},{"@type":"ListItem","position":2,"name":"Silos y Mecanizaciones"}]},{"@type":"WebSite","@id":"http:\/\/jmgsa.com.ar\/#website","url":"http:\/\/jmgsa.com.ar\/","name":"JMG SA - Soluciones Integrales","description":"Building It Better In Concrete","publisher":{"@id":"http:\/\/jmgsa.com.ar\/#organization"},"alternateName":"JMG SA","potentialAction":[{"@type":"SearchAction","target":{"@type":"EntryPoint","urlTemplate":"http:\/\/jmgsa.com.ar\/?s={search_term_string}"},"query-input":{"@type":"PropertyValueSpecification","valueRequired":true,"valueName":"search_term_string"}}],"inLanguage":"en-US"},{"@type":"Organization","@id":"http:\/\/jmgsa.com.ar\/#organization","name":"JMG SAICA","alternateName":"JMG","url":"http:\/\/jmgsa.com.ar\/","logo":{"@type":"ImageObject","inLanguage":"en-US","@id":"http:\/\/jmgsa.com.ar\/#\/schema\/logo\/image\/","url":"http:\/\/jmgsa.com.ar\/wp-content\/uploads\/2023\/05\/imagen_2023-05-20_150721808.png","contentUrl":"http:\/\/jmgsa.com.ar\/wp-content\/uploads\/2023\/05\/imagen_2023-05-20_150721808.png","width":146,"height":130,"caption":"JMG SAICA"},"image":{"@id":"http:\/\/jmgsa.com.ar\/#\/schema\/logo\/image\/"}}]}},"uagb_featured_image_src":{"full":false,"thumbnail":false,"medium":false,"medium_large":false,"large":false,"1536x1536":false,"2048x2048":false,"trp-custom-language-flag":false},"uagb_author_info":{"display_name":"pel983hu","author_link":"http:\/\/jmgsa.com.ar\/en\/author\/pel983hu\/"},"uagb_comment_info":0,"uagb_excerpt":"silos y mecanizaciones descubre M\u00c1S SOBRE ellos deBAJO SILOS Y MECANIZACIONES Clicke\u00e1 en los enlaces para m\u00e1s informaci\u00f3n. Silos Elevados Silos Fondo C\u00f3nico Silos Fondo Plano Redler Galvanizados Cintas Transportadoras Galvanizadas Elevadores de Granos Galvanizados Transportadoras de Granos de Rosca Sin Fin","_links":{"self":[{"href":"http:\/\/jmgsa.com.ar\/en\/wp-json\/wp\/v2\/pages\/2327","targetHints":{"allow":["GET"]}}],"collection":[{"href":"http:\/\/jmgsa.com.ar\/en\/wp-json\/wp\/v2\/pages"}],"about":[{"href":"http:\/\/jmgsa.com.ar\/en\/wp-json\/wp\/v2\/types\/page"}],"author":[{"embeddable":true,"href":"http:\/\/jmgsa.com.ar\/en\/wp-json\/wp\/v2\/users\/2"}],"replies":[{"embeddable":true,"href":"http:\/\/jmgsa.com.ar\/en\/wp-json\/wp\/v2\/comments?post=2327"}],"version-history":[{"count":74,"href":"http:\/\/jmgsa.com.ar\/en\/wp-json\/wp\/v2\/pages\/2327\/revisions"}],"predecessor-version":[{"id":3967,"href":"http:\/\/jmgsa.com.ar\/en\/wp-json\/wp\/v2\/pages\/2327\/revisions\/3967"}],"wp:attachment":[{"href":"http:\/\/jmgsa.com.ar\/en\/wp-json\/wp\/v2\/media?parent=2327"}],"curies":[{"name":"wp","href":"https:\/\/api.w.org\/{rel}","templated":true}]}}