{"id":1336,"date":"2023-07-02T19:56:46","date_gmt":"2023-07-02T19:56:46","guid":{"rendered":"http:\/\/jmgsa.com.ar\/?page_id=1336"},"modified":"2024-05-20T13:44:01","modified_gmt":"2024-05-20T13:44:01","slug":"molino-horizontal-a-martillo","status":"publish","type":"page","link":"http:\/\/jmgsa.com.ar\/en\/molino-horizontal-a-martillo\/","title":{"rendered":"Horizontal Hammer Mill"},"content":{"rendered":"<div data-elementor-type=\"wp-page\" data-elementor-id=\"1336\" class=\"elementor elementor-1336\" data-elementor-post-type=\"page\">\n\t\t\t\t\t\t<section class=\"elementor-section elementor-top-section elementor-element elementor-element-4943d3c elementor-section-height-min-height elementor-section-boxed elementor-section-height-default elementor-section-items-middle\" data-id=\"4943d3c\" data-element_type=\"section\" data-e-type=\"section\" data-settings=\"{&quot;background_background&quot;:&quot;classic&quot;}\">\n\t\t\t\t\t\t\t<div class=\"elementor-background-overlay\"><\/div>\n\t\t\t\t\t\t\t<div class=\"elementor-container elementor-column-gap-no\">\n\t\t\t\t\t<div class=\"elementor-column elementor-col-100 elementor-top-column elementor-element elementor-element-576edfe\" data-id=\"576edfe\" data-element_type=\"column\" data-e-type=\"column\">\n\t\t\t<div class=\"elementor-widget-wrap elementor-element-populated\">\n\t\t\t\t\t\t<div class=\"elementor-element elementor-element-a02e3b7 elementor-widget elementor-widget-spacer\" data-id=\"a02e3b7\" data-element_type=\"widget\" data-e-type=\"widget\" data-widget_type=\"spacer.default\">\n\t\t\t\t<div class=\"elementor-widget-container\">\n\t\t\t\t\t\t\t<div class=\"elementor-spacer\">\n\t\t\t<div class=\"elementor-spacer-inner\"><\/div>\n\t\t<\/div>\n\t\t\t\t\t\t<\/div>\n\t\t\t\t<\/div>\n\t\t\t\t<div class=\"elementor-element elementor-element-28005bb elementor-invisible elementor-widget elementor-widget-heading\" data-id=\"28005bb\" data-element_type=\"widget\" data-e-type=\"widget\" data-settings=\"{&quot;_animation&quot;:&quot;zoomIn&quot;}\" data-widget_type=\"heading.default\">\n\t\t\t\t<div class=\"elementor-widget-container\">\n\t\t\t\t\t<h1 class=\"elementor-heading-title elementor-size-default\">Horizontal hammer mill<\/h1>\t\t\t\t<\/div>\n\t\t\t\t<\/div>\n\t\t\t\t<div class=\"elementor-element elementor-element-d6d1e4b elementor-widget-divider--view-line elementor-widget elementor-widget-divider\" data-id=\"d6d1e4b\" data-element_type=\"widget\" data-e-type=\"widget\" data-widget_type=\"divider.default\">\n\t\t\t\t<div class=\"elementor-widget-container\">\n\t\t\t\t\t\t\t<div class=\"elementor-divider\">\n\t\t\t<span class=\"elementor-divider-separator\">\n\t\t\t\t\t\t<\/span>\n\t\t<\/div>\n\t\t\t\t\t\t<\/div>\n\t\t\t\t<\/div>\n\t\t\t\t<div class=\"elementor-element elementor-element-3e7def8 elementor-widget elementor-widget-heading\" data-id=\"3e7def8\" data-element_type=\"widget\" data-e-type=\"widget\" data-widget_type=\"heading.default\">\n\t\t\t\t<div class=\"elementor-widget-container\">\n\t\t\t\t\t<h3 class=\"elementor-heading-title elementor-size-default\">find out MORE ABOUT it BELOW<\/h3>\t\t\t\t<\/div>\n\t\t\t\t<\/div>\n\t\t\t\t<div class=\"elementor-element elementor-element-dc54b46 elementor-view-stacked elementor-shape-square e-transform elementor-invisible elementor-widget elementor-widget-icon\" data-id=\"dc54b46\" data-element_type=\"widget\" data-e-type=\"widget\" data-settings=\"{&quot;_animation&quot;:&quot;jello&quot;,&quot;_transform_scale_effect_hover&quot;:{&quot;unit&quot;:&quot;px&quot;,&quot;size&quot;:1.2,&quot;sizes&quot;:[]},&quot;_transform_scale_effect_hover_widescreen&quot;:{&quot;unit&quot;:&quot;px&quot;,&quot;size&quot;:&quot;&quot;,&quot;sizes&quot;:[]},&quot;_transform_scale_effect_hover_laptop&quot;:{&quot;unit&quot;:&quot;px&quot;,&quot;size&quot;:&quot;&quot;,&quot;sizes&quot;:[]},&quot;_transform_scale_effect_hover_tablet_extra&quot;:{&quot;unit&quot;:&quot;px&quot;,&quot;size&quot;:&quot;&quot;,&quot;sizes&quot;:[]},&quot;_transform_scale_effect_hover_tablet&quot;:{&quot;unit&quot;:&quot;px&quot;,&quot;size&quot;:&quot;&quot;,&quot;sizes&quot;:[]},&quot;_transform_scale_effect_hover_mobile_extra&quot;:{&quot;unit&quot;:&quot;px&quot;,&quot;size&quot;:&quot;&quot;,&quot;sizes&quot;:[]},&quot;_transform_scale_effect_hover_mobile&quot;:{&quot;unit&quot;:&quot;px&quot;,&quot;size&quot;:&quot;&quot;,&quot;sizes&quot;:[]}}\" data-widget_type=\"icon.default\">\n\t\t\t\t<div class=\"elementor-widget-container\">\n\t\t\t\t\t\t\t<div class=\"elementor-icon-wrapper\">\n\t\t\t<a class=\"elementor-icon\" href=\"#info-silos-elevados\">\n\t\t\t<i aria-hidden=\"true\" class=\"fas fa-arrow-down\"><\/i>\t\t\t<\/a>\n\t\t<\/div>\n\t\t\t\t\t\t<\/div>\n\t\t\t\t<\/div>\n\t\t\t\t\t<\/div>\n\t\t<\/div>\n\t\t\t\t\t<\/div>\n\t\t<\/section>\n\t\t\t\t<section class=\"elementor-section elementor-top-section elementor-element elementor-element-e64ca97 elementor-section-content-middle elementor-section-boxed elementor-section-height-default elementor-section-height-default\" data-id=\"e64ca97\" data-element_type=\"section\" data-e-type=\"section\" id=\"info-silos-elevados\" data-settings=\"{&quot;background_background&quot;:&quot;classic&quot;}\">\n\t\t\t\t\t\t<div class=\"elementor-container elementor-column-gap-no\">\n\t\t\t\t\t<div class=\"elementor-column elementor-col-50 elementor-top-column elementor-element elementor-element-37c72d52\" data-id=\"37c72d52\" data-element_type=\"column\" data-e-type=\"column\">\n\t\t\t<div class=\"elementor-widget-wrap elementor-element-populated\">\n\t\t\t\t\t\t<div class=\"elementor-element elementor-element-4e03ef0f elementor-invisible elementor-widget elementor-widget-heading\" data-id=\"4e03ef0f\" data-element_type=\"widget\" data-e-type=\"widget\" data-settings=\"{&quot;_animation&quot;:&quot;zoomIn&quot;}\" data-widget_type=\"heading.default\">\n\t\t\t\t<div class=\"elementor-widget-container\">\n\t\t\t\t\t<h2 class=\"elementor-heading-title elementor-size-default\">HORIZONTAL HAMMER MILL<\/h2>\t\t\t\t<\/div>\n\t\t\t\t<\/div>\n\t\t\t\t<div class=\"elementor-element elementor-element-6c2accb0 elementor-widget-divider--view-line elementor-invisible elementor-widget elementor-widget-divider\" data-id=\"6c2accb0\" data-element_type=\"widget\" data-e-type=\"widget\" data-settings=\"{&quot;_animation&quot;:&quot;slideInLeft&quot;}\" data-widget_type=\"divider.default\">\n\t\t\t\t<div class=\"elementor-widget-container\">\n\t\t\t\t\t\t\t<div class=\"elementor-divider\">\n\t\t\t<span class=\"elementor-divider-separator\">\n\t\t\t\t\t\t<\/span>\n\t\t<\/div>\n\t\t\t\t\t\t<\/div>\n\t\t\t\t<\/div>\n\t\t\t\t<div class=\"elementor-element elementor-element-3d3c00cf elementor-widget elementor-widget-text-editor\" data-id=\"3d3c00cf\" data-element_type=\"widget\" data-e-type=\"widget\" data-widget_type=\"text-editor.default\">\n\t\t\t\t<div class=\"elementor-widget-container\">\n\t\t\t\t\t\t\t\t\t<p><span style=\"font-weight: 400; color: #000000;\">Constructed in black sheet metal painted with polyurethane enamel with thicknesses of 1\/8\u2033 in side doors, 1\/4\u2033 in its base and exterior front plates, 3\/8\u2033 in its wear plates and 1\/2\u2033 in anchoring pieces.<\/span><\/p><p><span style=\"font-weight: 400; color: #000000;\">Electronically balanced cylindrical rotor with heat-treated rectangular hammers. First brand (SKF) self-aligning-oscillating type bearings. Mechanical connection to motor by means of GUMMI elastic coupling. Anti-vibration blocks on the mill supports.<\/span><\/p><p><span style=\"font-weight: 400; color: #000000;\">High permeability perforated plate screen, easy to remove. Hinged flap at the feed inlet to reverse the direction of rotation of the rotor, with pneumatic drive and position detection by means of limit switches. The mill is equipped with a top brand three-phase motor.<\/span><\/p>\t\t\t\t\t\t\t\t<\/div>\n\t\t\t\t<\/div>\n\t\t\t\t\t<\/div>\n\t\t<\/div>\n\t\t\t\t<div class=\"elementor-column elementor-col-50 elementor-top-column elementor-element elementor-element-3977fee elementor-invisible\" data-id=\"3977fee\" data-element_type=\"column\" data-e-type=\"column\" data-settings=\"{&quot;background_background&quot;:&quot;gradient&quot;,&quot;animation&quot;:&quot;slideInRight&quot;}\">\n\t\t\t<div class=\"elementor-widget-wrap elementor-element-populated\">\n\t\t\t\t\t\t<div class=\"elementor-element elementor-element-57d580cd elementor-widget elementor-widget-image\" data-id=\"57d580cd\" data-element_type=\"widget\" data-e-type=\"widget\" data-widget_type=\"image.default\">\n\t\t\t\t<div class=\"elementor-widget-container\">\n\t\t\t\t\t\t\t\t\t\t\t\t\t\t\t<img fetchpriority=\"high\" decoding=\"async\" width=\"3000\" height=\"4000\" src=\"http:\/\/jmgsa.com.ar\/wp-content\/uploads\/2023\/08\/Molino1.png\" class=\"attachment-full size-full wp-image-3197\" alt=\"Molino Horizontal a Martillo\" srcset=\"http:\/\/jmgsa.com.ar\/wp-content\/uploads\/2023\/08\/Molino1.png 3000w, http:\/\/jmgsa.com.ar\/wp-content\/uploads\/2023\/08\/Molino1-225x300.png 225w, http:\/\/jmgsa.com.ar\/wp-content\/uploads\/2023\/08\/Molino1-768x1024.png 768w, http:\/\/jmgsa.com.ar\/wp-content\/uploads\/2023\/08\/Molino1-1152x1536.png 1152w, http:\/\/jmgsa.com.ar\/wp-content\/uploads\/2023\/08\/Molino1-1536x2048.png 1536w\" sizes=\"(max-width: 3000px) 100vw, 3000px\" \/>\t\t\t\t\t\t\t\t\t\t\t\t\t\t\t<\/div>\n\t\t\t\t<\/div>\n\t\t\t\t\t<\/div>\n\t\t<\/div>\n\t\t\t\t\t<\/div>\n\t\t<\/section>\n\t\t\t\t<\/div>","protected":false},"excerpt":{"rendered":"<p>Molino horizontal a martillo descubre M\u00c1S SOBRE \u00e9l deBAJO MOLINO HORIZONTAL A MARTILLO Construido en chapa negra pintada con esmalte poliuret\u00e1nico con espesores de 1\/8&#8243; en puertas laterales, 1\/4&#8243; en su base y chapas frontales exteriores, 3\/8&#8243; en sus chapas de desgaste y 1\/2&#8243; en piezas de anclaje. Rotor cil\u00edndrico balanceado electr\u00f3nicamente con martillos rectangulares [&hellip;]<\/p>\n","protected":false},"author":2,"featured_media":0,"parent":0,"menu_order":0,"comment_status":"closed","ping_status":"closed","template":"","meta":{"_uag_custom_page_level_css":"","site-sidebar-layout":"no-sidebar","site-content-layout":"page-builder","ast-site-content-layout":"default","site-content-style":"default","site-sidebar-style":"default","ast-global-header-display":"","ast-banner-title-visibility":"","ast-main-header-display":"","ast-hfb-above-header-display":"","ast-hfb-below-header-display":"","ast-hfb-mobile-header-display":"","site-post-title":"disabled","ast-breadcrumbs-content":"","ast-featured-img":"disabled","footer-sml-layout":"","ast-disable-related-posts":"","theme-transparent-header-meta":"","adv-header-id-meta":"","stick-header-meta":"","header-above-stick-meta":"","header-main-stick-meta":"","header-below-stick-meta":"","astra-migrate-meta-layouts":"default","ast-page-background-enabled":"default","ast-page-background-meta":{"desktop":{"background-color":"var(--ast-global-color-4)","background-image":"","background-repeat":"repeat","background-position":"center center","background-size":"auto","background-attachment":"scroll","background-type":"","background-media":"","overlay-type":"","overlay-color":"","overlay-opacity":"","overlay-gradient":""},"tablet":{"background-color":"","background-image":"","background-repeat":"repeat","background-position":"center center","background-size":"auto","background-attachment":"scroll","background-type":"","background-media":"","overlay-type":"","overlay-color":"","overlay-opacity":"","overlay-gradient":""},"mobile":{"background-color":"","background-image":"","background-repeat":"repeat","background-position":"center center","background-size":"auto","background-attachment":"scroll","background-type":"","background-media":"","overlay-type":"","overlay-color":"","overlay-opacity":"","overlay-gradient":""}},"ast-content-background-meta":{"desktop":{"background-color":"var(--ast-global-color-5)","background-image":"","background-repeat":"repeat","background-position":"center center","background-size":"auto","background-attachment":"scroll","background-type":"","background-media":"","overlay-type":"","overlay-color":"","overlay-opacity":"","overlay-gradient":""},"tablet":{"background-color":"var(--ast-global-color-5)","background-image":"","background-repeat":"repeat","background-position":"center center","background-size":"auto","background-attachment":"scroll","background-type":"","background-media":"","overlay-type":"","overlay-color":"","overlay-opacity":"","overlay-gradient":""},"mobile":{"background-color":"var(--ast-global-color-5)","background-image":"","background-repeat":"repeat","background-position":"center center","background-size":"auto","background-attachment":"scroll","background-type":"","background-media":"","overlay-type":"","overlay-color":"","overlay-opacity":"","overlay-gradient":""}},"footnotes":""},"class_list":["post-1336","page","type-page","status-publish","hentry"],"yoast_head":"<!-- This site is optimized with the Yoast SEO plugin v27.4 - https:\/\/yoast.com\/product\/yoast-seo-wordpress\/ -->\n<title>Molino Horizontal a Martillo - JMG SA - Soluciones Integrales<\/title>\n<meta name=\"robots\" content=\"index, follow, max-snippet:-1, max-image-preview:large, max-video-preview:-1\" \/>\n<link rel=\"canonical\" href=\"http:\/\/jmgsa.com.ar\/en\/molino-horizontal-a-martillo\/\" \/>\n<meta property=\"og:locale\" content=\"en_US\" \/>\n<meta property=\"og:type\" content=\"article\" \/>\n<meta property=\"og:title\" content=\"Molino Horizontal a Martillo - JMG SA - Soluciones Integrales\" \/>\n<meta property=\"og:description\" content=\"Molino horizontal a martillo descubre M\u00c1S SOBRE \u00e9l deBAJO MOLINO HORIZONTAL A MARTILLO Construido en chapa negra pintada con esmalte poliuret\u00e1nico con espesores de 1\/8&#8243; en puertas laterales, 1\/4&#8243; en su base y chapas frontales exteriores, 3\/8&#8243; en sus chapas de desgaste y 1\/2&#8243; en piezas de anclaje. Rotor cil\u00edndrico balanceado electr\u00f3nicamente con martillos rectangulares [&hellip;]\" \/>\n<meta property=\"og:url\" content=\"http:\/\/jmgsa.com.ar\/en\/molino-horizontal-a-martillo\/\" \/>\n<meta property=\"og:site_name\" content=\"JMG SA - Soluciones Integrales\" \/>\n<meta property=\"article:modified_time\" content=\"2024-05-20T13:44:01+00:00\" \/>\n<meta property=\"og:image\" content=\"http:\/\/jmgsa.com.ar\/wp-content\/uploads\/2023\/08\/Molino1.png\" \/>\n<meta name=\"twitter:card\" content=\"summary_large_image\" \/>\n<meta name=\"twitter:label1\" content=\"Est. reading time\" \/>\n\t<meta name=\"twitter:data1\" content=\"1 minute\" \/>\n<script type=\"application\/ld+json\" class=\"yoast-schema-graph\">{\"@context\":\"https:\\\/\\\/schema.org\",\"@graph\":[{\"@type\":\"WebPage\",\"@id\":\"http:\\\/\\\/jmgsa.com.ar\\\/molino-horizontal-a-martillo\\\/\",\"url\":\"http:\\\/\\\/jmgsa.com.ar\\\/molino-horizontal-a-martillo\\\/\",\"name\":\"Molino Horizontal a Martillo - JMG SA - Soluciones Integrales\",\"isPartOf\":{\"@id\":\"http:\\\/\\\/jmgsa.com.ar\\\/#website\"},\"primaryImageOfPage\":{\"@id\":\"http:\\\/\\\/jmgsa.com.ar\\\/molino-horizontal-a-martillo\\\/#primaryimage\"},\"image\":{\"@id\":\"http:\\\/\\\/jmgsa.com.ar\\\/molino-horizontal-a-martillo\\\/#primaryimage\"},\"thumbnailUrl\":\"http:\\\/\\\/jmgsa.com.ar\\\/wp-content\\\/uploads\\\/2023\\\/08\\\/Molino1.png\",\"datePublished\":\"2023-07-02T19:56:46+00:00\",\"dateModified\":\"2024-05-20T13:44:01+00:00\",\"breadcrumb\":{\"@id\":\"http:\\\/\\\/jmgsa.com.ar\\\/molino-horizontal-a-martillo\\\/#breadcrumb\"},\"inLanguage\":\"en-US\",\"potentialAction\":[{\"@type\":\"ReadAction\",\"target\":[\"http:\\\/\\\/jmgsa.com.ar\\\/molino-horizontal-a-martillo\\\/\"]}]},{\"@type\":\"ImageObject\",\"inLanguage\":\"en-US\",\"@id\":\"http:\\\/\\\/jmgsa.com.ar\\\/molino-horizontal-a-martillo\\\/#primaryimage\",\"url\":\"http:\\\/\\\/jmgsa.com.ar\\\/wp-content\\\/uploads\\\/2023\\\/08\\\/Molino1.png\",\"contentUrl\":\"http:\\\/\\\/jmgsa.com.ar\\\/wp-content\\\/uploads\\\/2023\\\/08\\\/Molino1.png\"},{\"@type\":\"BreadcrumbList\",\"@id\":\"http:\\\/\\\/jmgsa.com.ar\\\/molino-horizontal-a-martillo\\\/#breadcrumb\",\"itemListElement\":[{\"@type\":\"ListItem\",\"position\":1,\"name\":\"Portada\",\"item\":\"http:\\\/\\\/jmgsa.com.ar\\\/\"},{\"@type\":\"ListItem\",\"position\":2,\"name\":\"Molino Horizontal a Martillo\"}]},{\"@type\":\"WebSite\",\"@id\":\"http:\\\/\\\/jmgsa.com.ar\\\/#website\",\"url\":\"http:\\\/\\\/jmgsa.com.ar\\\/\",\"name\":\"JMG SA - Soluciones Integrales\",\"description\":\"Building It Better In Concrete\",\"publisher\":{\"@id\":\"http:\\\/\\\/jmgsa.com.ar\\\/#organization\"},\"alternateName\":\"JMG SA\",\"potentialAction\":[{\"@type\":\"SearchAction\",\"target\":{\"@type\":\"EntryPoint\",\"urlTemplate\":\"http:\\\/\\\/jmgsa.com.ar\\\/?s={search_term_string}\"},\"query-input\":{\"@type\":\"PropertyValueSpecification\",\"valueRequired\":true,\"valueName\":\"search_term_string\"}}],\"inLanguage\":\"en-US\"},{\"@type\":\"Organization\",\"@id\":\"http:\\\/\\\/jmgsa.com.ar\\\/#organization\",\"name\":\"JMG SAICA\",\"alternateName\":\"JMG\",\"url\":\"http:\\\/\\\/jmgsa.com.ar\\\/\",\"logo\":{\"@type\":\"ImageObject\",\"inLanguage\":\"en-US\",\"@id\":\"http:\\\/\\\/jmgsa.com.ar\\\/#\\\/schema\\\/logo\\\/image\\\/\",\"url\":\"http:\\\/\\\/jmgsa.com.ar\\\/wp-content\\\/uploads\\\/2023\\\/05\\\/imagen_2023-05-20_150721808.png\",\"contentUrl\":\"http:\\\/\\\/jmgsa.com.ar\\\/wp-content\\\/uploads\\\/2023\\\/05\\\/imagen_2023-05-20_150721808.png\",\"width\":146,\"height\":130,\"caption\":\"JMG SAICA\"},\"image\":{\"@id\":\"http:\\\/\\\/jmgsa.com.ar\\\/#\\\/schema\\\/logo\\\/image\\\/\"}}]}<\/script>\n<!-- \/ Yoast SEO plugin. -->","yoast_head_json":{"title":"Molino Horizontal a Martillo - JMG SA - Soluciones Integrales","robots":{"index":"index","follow":"follow","max-snippet":"max-snippet:-1","max-image-preview":"max-image-preview:large","max-video-preview":"max-video-preview:-1"},"canonical":"http:\/\/jmgsa.com.ar\/en\/molino-horizontal-a-martillo\/","og_locale":"en_US","og_type":"article","og_title":"Molino Horizontal a Martillo - JMG SA - Soluciones Integrales","og_description":"Molino horizontal a martillo descubre M\u00c1S SOBRE \u00e9l deBAJO MOLINO HORIZONTAL A MARTILLO Construido en chapa negra pintada con esmalte poliuret\u00e1nico con espesores de 1\/8&#8243; en puertas laterales, 1\/4&#8243; en su base y chapas frontales exteriores, 3\/8&#8243; en sus chapas de desgaste y 1\/2&#8243; en piezas de anclaje. Rotor cil\u00edndrico balanceado electr\u00f3nicamente con martillos rectangulares [&hellip;]","og_url":"http:\/\/jmgsa.com.ar\/en\/molino-horizontal-a-martillo\/","og_site_name":"JMG SA - Soluciones Integrales","article_modified_time":"2024-05-20T13:44:01+00:00","og_image":[{"url":"http:\/\/jmgsa.com.ar\/wp-content\/uploads\/2023\/08\/Molino1.png","type":"","width":"","height":""}],"twitter_card":"summary_large_image","twitter_misc":{"Est. reading time":"1 minute"},"schema":{"@context":"https:\/\/schema.org","@graph":[{"@type":"WebPage","@id":"http:\/\/jmgsa.com.ar\/molino-horizontal-a-martillo\/","url":"http:\/\/jmgsa.com.ar\/molino-horizontal-a-martillo\/","name":"Molino Horizontal a Martillo - JMG SA - Soluciones Integrales","isPartOf":{"@id":"http:\/\/jmgsa.com.ar\/#website"},"primaryImageOfPage":{"@id":"http:\/\/jmgsa.com.ar\/molino-horizontal-a-martillo\/#primaryimage"},"image":{"@id":"http:\/\/jmgsa.com.ar\/molino-horizontal-a-martillo\/#primaryimage"},"thumbnailUrl":"http:\/\/jmgsa.com.ar\/wp-content\/uploads\/2023\/08\/Molino1.png","datePublished":"2023-07-02T19:56:46+00:00","dateModified":"2024-05-20T13:44:01+00:00","breadcrumb":{"@id":"http:\/\/jmgsa.com.ar\/molino-horizontal-a-martillo\/#breadcrumb"},"inLanguage":"en-US","potentialAction":[{"@type":"ReadAction","target":["http:\/\/jmgsa.com.ar\/molino-horizontal-a-martillo\/"]}]},{"@type":"ImageObject","inLanguage":"en-US","@id":"http:\/\/jmgsa.com.ar\/molino-horizontal-a-martillo\/#primaryimage","url":"http:\/\/jmgsa.com.ar\/wp-content\/uploads\/2023\/08\/Molino1.png","contentUrl":"http:\/\/jmgsa.com.ar\/wp-content\/uploads\/2023\/08\/Molino1.png"},{"@type":"BreadcrumbList","@id":"http:\/\/jmgsa.com.ar\/molino-horizontal-a-martillo\/#breadcrumb","itemListElement":[{"@type":"ListItem","position":1,"name":"Portada","item":"http:\/\/jmgsa.com.ar\/"},{"@type":"ListItem","position":2,"name":"Molino Horizontal a Martillo"}]},{"@type":"WebSite","@id":"http:\/\/jmgsa.com.ar\/#website","url":"http:\/\/jmgsa.com.ar\/","name":"JMG SA - Soluciones Integrales","description":"Building It Better In Concrete","publisher":{"@id":"http:\/\/jmgsa.com.ar\/#organization"},"alternateName":"JMG SA","potentialAction":[{"@type":"SearchAction","target":{"@type":"EntryPoint","urlTemplate":"http:\/\/jmgsa.com.ar\/?s={search_term_string}"},"query-input":{"@type":"PropertyValueSpecification","valueRequired":true,"valueName":"search_term_string"}}],"inLanguage":"en-US"},{"@type":"Organization","@id":"http:\/\/jmgsa.com.ar\/#organization","name":"JMG SAICA","alternateName":"JMG","url":"http:\/\/jmgsa.com.ar\/","logo":{"@type":"ImageObject","inLanguage":"en-US","@id":"http:\/\/jmgsa.com.ar\/#\/schema\/logo\/image\/","url":"http:\/\/jmgsa.com.ar\/wp-content\/uploads\/2023\/05\/imagen_2023-05-20_150721808.png","contentUrl":"http:\/\/jmgsa.com.ar\/wp-content\/uploads\/2023\/05\/imagen_2023-05-20_150721808.png","width":146,"height":130,"caption":"JMG SAICA"},"image":{"@id":"http:\/\/jmgsa.com.ar\/#\/schema\/logo\/image\/"}}]}},"uagb_featured_image_src":{"full":false,"thumbnail":false,"medium":false,"medium_large":false,"large":false,"1536x1536":false,"2048x2048":false,"trp-custom-language-flag":false},"uagb_author_info":{"display_name":"pel983hu","author_link":"http:\/\/jmgsa.com.ar\/en\/author\/pel983hu\/"},"uagb_comment_info":0,"uagb_excerpt":"Molino horizontal a martillo descubre M\u00c1S SOBRE \u00e9l deBAJO MOLINO HORIZONTAL A MARTILLO Construido en chapa negra pintada con esmalte poliuret\u00e1nico con espesores de 1\/8&#8243; en puertas laterales, 1\/4&#8243; en su base y chapas frontales exteriores, 3\/8&#8243; en sus chapas de desgaste y 1\/2&#8243; en piezas de anclaje. Rotor cil\u00edndrico balanceado electr\u00f3nicamente con martillos rectangulares&hellip;","_links":{"self":[{"href":"http:\/\/jmgsa.com.ar\/en\/wp-json\/wp\/v2\/pages\/1336","targetHints":{"allow":["GET"]}}],"collection":[{"href":"http:\/\/jmgsa.com.ar\/en\/wp-json\/wp\/v2\/pages"}],"about":[{"href":"http:\/\/jmgsa.com.ar\/en\/wp-json\/wp\/v2\/types\/page"}],"author":[{"embeddable":true,"href":"http:\/\/jmgsa.com.ar\/en\/wp-json\/wp\/v2\/users\/2"}],"replies":[{"embeddable":true,"href":"http:\/\/jmgsa.com.ar\/en\/wp-json\/wp\/v2\/comments?post=1336"}],"version-history":[{"count":79,"href":"http:\/\/jmgsa.com.ar\/en\/wp-json\/wp\/v2\/pages\/1336\/revisions"}],"predecessor-version":[{"id":3985,"href":"http:\/\/jmgsa.com.ar\/en\/wp-json\/wp\/v2\/pages\/1336\/revisions\/3985"}],"wp:attachment":[{"href":"http:\/\/jmgsa.com.ar\/en\/wp-json\/wp\/v2\/media?parent=1336"}],"curies":[{"name":"wp","href":"https:\/\/api.w.org\/{rel}","templated":true}]}}