{"id":1334,"date":"2023-07-02T19:55:42","date_gmt":"2023-07-02T19:55:42","guid":{"rendered":"http:\/\/jmgsa.com.ar\/?page_id=1334"},"modified":"2024-05-20T13:43:45","modified_gmt":"2024-05-20T13:43:45","slug":"plantas-elaboradoras-de-alimentos-balanceados","status":"publish","type":"page","link":"http:\/\/jmgsa.com.ar\/en\/plantas-elaboradoras-de-alimentos-balanceados\/","title":{"rendered":"Balanced Feed Processing Plants"},"content":{"rendered":"\t\t<div data-elementor-type=\"wp-page\" data-elementor-id=\"1334\" class=\"elementor elementor-1334\" data-elementor-post-type=\"page\">\n\t\t\t\t\t\t<section class=\"elementor-section elementor-top-section elementor-element elementor-element-be7735c elementor-section-height-min-height elementor-section-boxed elementor-section-height-default elementor-section-items-middle\" data-id=\"be7735c\" data-element_type=\"section\" data-e-type=\"section\" data-settings=\"{&quot;background_background&quot;:&quot;slideshow&quot;,&quot;background_slideshow_gallery&quot;:[{&quot;id&quot;:1503,&quot;url&quot;:&quot;http:\\\/\\\/jmgsa.com.ar\\\/wp-content\\\/uploads\\\/2023\\\/07\\\/20150507_164301-scaled.jpg&quot;},{&quot;id&quot;:1507,&quot;url&quot;:&quot;http:\\\/\\\/jmgsa.com.ar\\\/wp-content\\\/uploads\\\/2023\\\/07\\\/Enfriador-Basculante-1.jpg&quot;},{&quot;id&quot;:1518,&quot;url&quot;:&quot;http:\\\/\\\/jmgsa.com.ar\\\/wp-content\\\/uploads\\\/2023\\\/07\\\/20150507_155418-scaled.jpg&quot;},{&quot;id&quot;:1489,&quot;url&quot;:&quot;http:\\\/\\\/jmgsa.com.ar\\\/wp-content\\\/uploads\\\/2023\\\/07\\\/20150507_164244-scaled.jpg&quot;}],&quot;background_slideshow_slide_duration&quot;:3000,&quot;background_slideshow_loop&quot;:&quot;yes&quot;,&quot;background_slideshow_slide_transition&quot;:&quot;fade&quot;,&quot;background_slideshow_transition_duration&quot;:500}\">\n\t\t\t\t\t\t\t<div class=\"elementor-background-overlay\"><\/div>\n\t\t\t\t\t\t\t<div class=\"elementor-container elementor-column-gap-no\">\n\t\t\t\t\t<div class=\"elementor-column elementor-col-100 elementor-top-column elementor-element elementor-element-fd4b536\" data-id=\"fd4b536\" data-element_type=\"column\" data-e-type=\"column\">\n\t\t\t<div class=\"elementor-widget-wrap elementor-element-populated\">\n\t\t\t\t\t\t<div class=\"elementor-element elementor-element-5452e02 elementor-widget elementor-widget-spacer\" data-id=\"5452e02\" data-element_type=\"widget\" data-e-type=\"widget\" data-widget_type=\"spacer.default\">\n\t\t\t\t<div class=\"elementor-widget-container\">\n\t\t\t\t\t\t\t<div class=\"elementor-spacer\">\n\t\t\t<div class=\"elementor-spacer-inner\"><\/div>\n\t\t<\/div>\n\t\t\t\t\t\t<\/div>\n\t\t\t\t<\/div>\n\t\t\t\t<div class=\"elementor-element elementor-element-9b100a6 elementor-invisible elementor-widget elementor-widget-heading\" data-id=\"9b100a6\" data-element_type=\"widget\" data-e-type=\"widget\" data-settings=\"{&quot;_animation&quot;:&quot;zoomIn&quot;}\" data-widget_type=\"heading.default\">\n\t\t\t\t<div class=\"elementor-widget-container\">\n\t\t\t\t\t<h1 class=\"elementor-heading-title elementor-size-default\">Plantas elaboradas de alimentos balanceados<\/h1>\t\t\t\t<\/div>\n\t\t\t\t<\/div>\n\t\t\t\t<div class=\"elementor-element elementor-element-6b2ef54 elementor-widget-divider--view-line elementor-widget elementor-widget-divider\" data-id=\"6b2ef54\" data-element_type=\"widget\" data-e-type=\"widget\" data-widget_type=\"divider.default\">\n\t\t\t\t<div class=\"elementor-widget-container\">\n\t\t\t\t\t\t\t<div class=\"elementor-divider\">\n\t\t\t<span class=\"elementor-divider-separator\">\n\t\t\t\t\t\t<\/span>\n\t\t<\/div>\n\t\t\t\t\t\t<\/div>\n\t\t\t\t<\/div>\n\t\t\t\t<div class=\"elementor-element elementor-element-861246e elementor-widget elementor-widget-heading\" data-id=\"861246e\" data-element_type=\"widget\" data-e-type=\"widget\" data-widget_type=\"heading.default\">\n\t\t\t\t<div class=\"elementor-widget-container\">\n\t\t\t\t\t<h3 class=\"elementor-heading-title elementor-size-default\">descubre M\u00c1S SOBRE ellos deBAJO<\/h3>\t\t\t\t<\/div>\n\t\t\t\t<\/div>\n\t\t\t\t<div class=\"elementor-element elementor-element-c2e0325 elementor-view-stacked elementor-shape-square e-transform elementor-invisible elementor-widget elementor-widget-icon\" data-id=\"c2e0325\" data-element_type=\"widget\" data-e-type=\"widget\" data-settings=\"{&quot;_animation&quot;:&quot;jello&quot;,&quot;_transform_scale_effect_hover&quot;:{&quot;unit&quot;:&quot;px&quot;,&quot;size&quot;:1.2,&quot;sizes&quot;:[]},&quot;_transform_scale_effect_hover_widescreen&quot;:{&quot;unit&quot;:&quot;px&quot;,&quot;size&quot;:&quot;&quot;,&quot;sizes&quot;:[]},&quot;_transform_scale_effect_hover_laptop&quot;:{&quot;unit&quot;:&quot;px&quot;,&quot;size&quot;:&quot;&quot;,&quot;sizes&quot;:[]},&quot;_transform_scale_effect_hover_tablet_extra&quot;:{&quot;unit&quot;:&quot;px&quot;,&quot;size&quot;:&quot;&quot;,&quot;sizes&quot;:[]},&quot;_transform_scale_effect_hover_tablet&quot;:{&quot;unit&quot;:&quot;px&quot;,&quot;size&quot;:&quot;&quot;,&quot;sizes&quot;:[]},&quot;_transform_scale_effect_hover_mobile_extra&quot;:{&quot;unit&quot;:&quot;px&quot;,&quot;size&quot;:&quot;&quot;,&quot;sizes&quot;:[]},&quot;_transform_scale_effect_hover_mobile&quot;:{&quot;unit&quot;:&quot;px&quot;,&quot;size&quot;:&quot;&quot;,&quot;sizes&quot;:[]}}\" data-widget_type=\"icon.default\">\n\t\t\t\t<div class=\"elementor-widget-container\">\n\t\t\t\t\t\t\t<div class=\"elementor-icon-wrapper\">\n\t\t\t<a class=\"elementor-icon\" href=\"#info-plantas-elaboradoras\">\n\t\t\t<i aria-hidden=\"true\" class=\"fas fa-arrow-down\"><\/i>\t\t\t<\/a>\n\t\t<\/div>\n\t\t\t\t\t\t<\/div>\n\t\t\t\t<\/div>\n\t\t\t\t\t<\/div>\n\t\t<\/div>\n\t\t\t\t\t<\/div>\n\t\t<\/section>\n\t\t\t\t<section class=\"elementor-section elementor-top-section elementor-element elementor-element-5919750 elementor-section-content-middle elementor-section-boxed elementor-section-height-default elementor-section-height-default\" data-id=\"5919750\" data-element_type=\"section\" data-e-type=\"section\" id=\"info-plantas-elaboradoras\" data-settings=\"{&quot;background_background&quot;:&quot;classic&quot;}\">\n\t\t\t\t\t\t<div class=\"elementor-container elementor-column-gap-no\">\n\t\t\t\t\t<div class=\"elementor-column elementor-col-50 elementor-top-column elementor-element elementor-element-fb101d0\" data-id=\"fb101d0\" data-element_type=\"column\" data-e-type=\"column\">\n\t\t\t<div class=\"elementor-widget-wrap elementor-element-populated\">\n\t\t\t\t\t\t<div class=\"elementor-element elementor-element-06c5eb4 elementor-invisible elementor-widget elementor-widget-heading\" data-id=\"06c5eb4\" data-element_type=\"widget\" data-e-type=\"widget\" data-settings=\"{&quot;_animation&quot;:&quot;zoomIn&quot;}\" data-widget_type=\"heading.default\">\n\t\t\t\t<div class=\"elementor-widget-container\">\n\t\t\t\t\t<h2 class=\"elementor-heading-title elementor-size-default\">PLANTAS ELABORADORAS DE ALIMENTOS BALANCEADOS<\/h2>\t\t\t\t<\/div>\n\t\t\t\t<\/div>\n\t\t\t\t<div class=\"elementor-element elementor-element-f1123c1 elementor-widget-divider--view-line elementor-invisible elementor-widget elementor-widget-divider\" data-id=\"f1123c1\" data-element_type=\"widget\" data-e-type=\"widget\" data-settings=\"{&quot;_animation&quot;:&quot;slideInLeft&quot;}\" data-widget_type=\"divider.default\">\n\t\t\t\t<div class=\"elementor-widget-container\">\n\t\t\t\t\t\t\t<div class=\"elementor-divider\">\n\t\t\t<span class=\"elementor-divider-separator\">\n\t\t\t\t\t\t<\/span>\n\t\t<\/div>\n\t\t\t\t\t\t<\/div>\n\t\t\t\t<\/div>\n\t\t\t\t<div class=\"elementor-element elementor-element-e3862c2 elementor-widget elementor-widget-heading\" data-id=\"e3862c2\" data-element_type=\"widget\" data-e-type=\"widget\" data-widget_type=\"heading.default\">\n\t\t\t\t<div class=\"elementor-widget-container\">\n\t\t\t\t\t<h4 class=\"elementor-heading-title elementor-size-default\">Clicke\u00e1 en los enlaces para m\u00e1s informaci\u00f3n.<\/h4>\t\t\t\t<\/div>\n\t\t\t\t<\/div>\n\t\t\t\t<div class=\"elementor-element elementor-element-056e782 elementor-icon-list--layout-traditional elementor-list-item-link-full_width elementor-widget elementor-widget-icon-list\" data-id=\"056e782\" data-element_type=\"widget\" data-e-type=\"widget\" data-widget_type=\"icon-list.default\">\n\t\t\t\t<div class=\"elementor-widget-container\">\n\t\t\t\t\t\t\t<ul class=\"elementor-icon-list-items\">\n\t\t\t\t\t\t\t<li class=\"elementor-icon-list-item\">\n\t\t\t\t\t\t\t\t\t\t\t<a href=\"http:\/\/jmgsa.com.ar\/molino-horizontal-a-martillo\/\">\n\n\t\t\t\t\t\t\t\t\t\t\t\t<span class=\"elementor-icon-list-icon\">\n\t\t\t\t\t\t\t<i aria-hidden=\"true\" class=\"fas fa-external-link-alt\"><\/i>\t\t\t\t\t\t<\/span>\n\t\t\t\t\t\t\t\t\t\t<span class=\"elementor-icon-list-text\">Molino Horizontal a Martillo<\/span>\n\t\t\t\t\t\t\t\t\t\t\t<\/a>\n\t\t\t\t\t\t\t\t\t<\/li>\n\t\t\t\t\t\t\t\t<li class=\"elementor-icon-list-item\">\n\t\t\t\t\t\t\t\t\t\t\t<a href=\"http:\/\/jmgsa.com.ar\/mezcladora-horizontal\/\">\n\n\t\t\t\t\t\t\t\t\t\t\t\t<span class=\"elementor-icon-list-icon\">\n\t\t\t\t\t\t\t<i aria-hidden=\"true\" class=\"fas fa-external-link-alt\"><\/i>\t\t\t\t\t\t<\/span>\n\t\t\t\t\t\t\t\t\t\t<span class=\"elementor-icon-list-text\">Mezcladora Horizontal<\/span>\n\t\t\t\t\t\t\t\t\t\t\t<\/a>\n\t\t\t\t\t\t\t\t\t<\/li>\n\t\t\t\t\t\t\t\t<li class=\"elementor-icon-list-item\">\n\t\t\t\t\t\t\t\t\t\t\t<a href=\"http:\/\/jmgsa.com.ar\/enfriador-vertical-a-contraflujo\/\">\n\n\t\t\t\t\t\t\t\t\t\t\t\t<span class=\"elementor-icon-list-icon\">\n\t\t\t\t\t\t\t<i aria-hidden=\"true\" class=\"fas fa-external-link-alt\"><\/i>\t\t\t\t\t\t<\/span>\n\t\t\t\t\t\t\t\t\t\t<span class=\"elementor-icon-list-text\">Enfriador Vertical a Contraflujo<\/span>\n\t\t\t\t\t\t\t\t\t\t\t<\/a>\n\t\t\t\t\t\t\t\t\t<\/li>\n\t\t\t\t\t\t\t\t<li class=\"elementor-icon-list-item\">\n\t\t\t\t\t\t\t\t\t\t\t<a href=\"http:\/\/jmgsa.com.ar\/prensa-pelletera\/\">\n\n\t\t\t\t\t\t\t\t\t\t\t\t<span class=\"elementor-icon-list-icon\">\n\t\t\t\t\t\t\t<i aria-hidden=\"true\" class=\"fas fa-external-link-alt\"><\/i>\t\t\t\t\t\t<\/span>\n\t\t\t\t\t\t\t\t\t\t<span class=\"elementor-icon-list-text\">Prensa Pelletera<\/span>\n\t\t\t\t\t\t\t\t\t\t\t<\/a>\n\t\t\t\t\t\t\t\t\t<\/li>\n\t\t\t\t\t\t<\/ul>\n\t\t\t\t\t\t<\/div>\n\t\t\t\t<\/div>\n\t\t\t\t\t<\/div>\n\t\t<\/div>\n\t\t\t\t<div class=\"elementor-column elementor-col-50 elementor-top-column elementor-element elementor-element-7f6d553 elementor-invisible\" data-id=\"7f6d553\" data-element_type=\"column\" data-e-type=\"column\" data-settings=\"{&quot;background_background&quot;:&quot;gradient&quot;,&quot;animation&quot;:&quot;slideInRight&quot;}\">\n\t\t\t<div class=\"elementor-widget-wrap elementor-element-populated\">\n\t\t\t\t\t\t<div class=\"elementor-element elementor-element-f82fabf elementor-widget elementor-widget-image\" data-id=\"f82fabf\" data-element_type=\"widget\" data-e-type=\"widget\" data-widget_type=\"image.default\">\n\t\t\t\t<div class=\"elementor-widget-container\">\n\t\t\t\t\t\t\t\t\t\t\t\t\t\t\t<img decoding=\"async\" src=\"http:\/\/jmgsa.com.ar\/wp-content\/uploads\/elementor\/thumbs\/20150507_174957-scaled-q8uejoj649etazymi3ms9tcuejup48tjke72vde95s.jpg\" title=\"20150507_174957\" alt=\"Obras JMG\" loading=\"lazy\" \/>\t\t\t\t\t\t\t\t\t\t\t\t\t\t\t<\/div>\n\t\t\t\t<\/div>\n\t\t\t\t\t<\/div>\n\t\t<\/div>\n\t\t\t\t\t<\/div>\n\t\t<\/section>\n\t\t\t\t<\/div>\n\t\t","protected":false},"excerpt":{"rendered":"<p>Plantas elaboradas de alimentos balanceados descubre M\u00c1S SOBRE ellos deBAJO PLANTAS ELABORADORAS DE ALIMENTOS BALANCEADOS Clicke\u00e1 en los enlaces para m\u00e1s informaci\u00f3n. Molino Horizontal a Martillo Mezcladora Horizontal Enfriador Vertical a Contraflujo Prensa Pelletera<\/p>","protected":false},"author":2,"featured_media":0,"parent":0,"menu_order":0,"comment_status":"closed","ping_status":"closed","template":"","meta":{"_uag_custom_page_level_css":"","site-sidebar-layout":"no-sidebar","site-content-layout":"page-builder","ast-site-content-layout":"default","site-content-style":"default","site-sidebar-style":"default","ast-global-header-display":"","ast-banner-title-visibility":"","ast-main-header-display":"","ast-hfb-above-header-display":"","ast-hfb-below-header-display":"","ast-hfb-mobile-header-display":"","site-post-title":"disabled","ast-breadcrumbs-content":"","ast-featured-img":"disabled","footer-sml-layout":"","ast-disable-related-posts":"","theme-transparent-header-meta":"","adv-header-id-meta":"","stick-header-meta":"","header-above-stick-meta":"","header-main-stick-meta":"","header-below-stick-meta":"","astra-migrate-meta-layouts":"default","ast-page-background-enabled":"default","ast-page-background-meta":{"desktop":{"background-color":"var(--ast-global-color-4)","background-image":"","background-repeat":"repeat","background-position":"center center","background-size":"auto","background-attachment":"scroll","background-type":"","background-media":"","overlay-type":"","overlay-color":"","overlay-opacity":"","overlay-gradient":""},"tablet":{"background-color":"","background-image":"","background-repeat":"repeat","background-position":"center center","background-size":"auto","background-attachment":"scroll","background-type":"","background-media":"","overlay-type":"","overlay-color":"","overlay-opacity":"","overlay-gradient":""},"mobile":{"background-color":"","background-image":"","background-repeat":"repeat","background-position":"center center","background-size":"auto","background-attachment":"scroll","background-type":"","background-media":"","overlay-type":"","overlay-color":"","overlay-opacity":"","overlay-gradient":""}},"ast-content-background-meta":{"desktop":{"background-color":"var(--ast-global-color-5)","background-image":"","background-repeat":"repeat","background-position":"center center","background-size":"auto","background-attachment":"scroll","background-type":"","background-media":"","overlay-type":"","overlay-color":"","overlay-opacity":"","overlay-gradient":""},"tablet":{"background-color":"var(--ast-global-color-5)","background-image":"","background-repeat":"repeat","background-position":"center center","background-size":"auto","background-attachment":"scroll","background-type":"","background-media":"","overlay-type":"","overlay-color":"","overlay-opacity":"","overlay-gradient":""},"mobile":{"background-color":"var(--ast-global-color-5)","background-image":"","background-repeat":"repeat","background-position":"center center","background-size":"auto","background-attachment":"scroll","background-type":"","background-media":"","overlay-type":"","overlay-color":"","overlay-opacity":"","overlay-gradient":""}},"footnotes":""},"class_list":["post-1334","page","type-page","status-publish","hentry"],"yoast_head":"<!-- This site is optimized with the Yoast SEO plugin v27.4 - https:\/\/yoast.com\/product\/yoast-seo-wordpress\/ -->\n<title>Plantas Elaboradoras de Alimentos Balanceados - JMG SA - Soluciones Integrales<\/title>\n<meta name=\"robots\" content=\"index, follow, max-snippet:-1, max-image-preview:large, max-video-preview:-1\" \/>\n<link rel=\"canonical\" href=\"http:\/\/jmgsa.com.ar\/en\/plantas-elaboradoras-de-alimentos-balanceados\/\" \/>\n<meta property=\"og:locale\" content=\"en_US\" \/>\n<meta property=\"og:type\" content=\"article\" \/>\n<meta property=\"og:title\" content=\"Plantas Elaboradoras de Alimentos Balanceados - JMG SA - Soluciones Integrales\" \/>\n<meta property=\"og:description\" content=\"Plantas elaboradas de alimentos balanceados descubre M\u00c1S SOBRE ellos deBAJO PLANTAS ELABORADORAS DE ALIMENTOS BALANCEADOS Clicke\u00e1 en los enlaces para m\u00e1s informaci\u00f3n. Molino Horizontal a Martillo Mezcladora Horizontal Enfriador Vertical a Contraflujo Prensa Pelletera\" \/>\n<meta property=\"og:url\" content=\"http:\/\/jmgsa.com.ar\/en\/plantas-elaboradoras-de-alimentos-balanceados\/\" \/>\n<meta property=\"og:site_name\" content=\"JMG SA - Soluciones Integrales\" \/>\n<meta property=\"article:modified_time\" content=\"2024-05-20T13:43:45+00:00\" \/>\n<meta property=\"og:image\" content=\"http:\/\/jmgsa.com.ar\/wp-content\/uploads\/elementor\/thumbs\/20150507_174957-scaled-q8uejoj649etazymi3ms9tcuejup48tjke72vde95s.jpg\" \/>\n<meta name=\"twitter:card\" content=\"summary_large_image\" \/>\n<meta name=\"twitter:label1\" content=\"Est. reading time\" \/>\n\t<meta name=\"twitter:data1\" content=\"1 minute\" \/>\n<script type=\"application\/ld+json\" class=\"yoast-schema-graph\">{\"@context\":\"https:\\\/\\\/schema.org\",\"@graph\":[{\"@type\":\"WebPage\",\"@id\":\"http:\\\/\\\/jmgsa.com.ar\\\/plantas-elaboradoras-de-alimentos-balanceados\\\/\",\"url\":\"http:\\\/\\\/jmgsa.com.ar\\\/plantas-elaboradoras-de-alimentos-balanceados\\\/\",\"name\":\"Plantas Elaboradoras de Alimentos Balanceados - JMG SA - Soluciones Integrales\",\"isPartOf\":{\"@id\":\"http:\\\/\\\/jmgsa.com.ar\\\/#website\"},\"primaryImageOfPage\":{\"@id\":\"http:\\\/\\\/jmgsa.com.ar\\\/plantas-elaboradoras-de-alimentos-balanceados\\\/#primaryimage\"},\"image\":{\"@id\":\"http:\\\/\\\/jmgsa.com.ar\\\/plantas-elaboradoras-de-alimentos-balanceados\\\/#primaryimage\"},\"thumbnailUrl\":\"http:\\\/\\\/jmgsa.com.ar\\\/wp-content\\\/uploads\\\/elementor\\\/thumbs\\\/20150507_174957-scaled-q8uejoj649etazymi3ms9tcuejup48tjke72vde95s.jpg\",\"datePublished\":\"2023-07-02T19:55:42+00:00\",\"dateModified\":\"2024-05-20T13:43:45+00:00\",\"breadcrumb\":{\"@id\":\"http:\\\/\\\/jmgsa.com.ar\\\/plantas-elaboradoras-de-alimentos-balanceados\\\/#breadcrumb\"},\"inLanguage\":\"en-US\",\"potentialAction\":[{\"@type\":\"ReadAction\",\"target\":[\"http:\\\/\\\/jmgsa.com.ar\\\/plantas-elaboradoras-de-alimentos-balanceados\\\/\"]}]},{\"@type\":\"ImageObject\",\"inLanguage\":\"en-US\",\"@id\":\"http:\\\/\\\/jmgsa.com.ar\\\/plantas-elaboradoras-de-alimentos-balanceados\\\/#primaryimage\",\"url\":\"http:\\\/\\\/jmgsa.com.ar\\\/wp-content\\\/uploads\\\/elementor\\\/thumbs\\\/20150507_174957-scaled-q8uejoj649etazymi3ms9tcuejup48tjke72vde95s.jpg\",\"contentUrl\":\"http:\\\/\\\/jmgsa.com.ar\\\/wp-content\\\/uploads\\\/elementor\\\/thumbs\\\/20150507_174957-scaled-q8uejoj649etazymi3ms9tcuejup48tjke72vde95s.jpg\"},{\"@type\":\"BreadcrumbList\",\"@id\":\"http:\\\/\\\/jmgsa.com.ar\\\/plantas-elaboradoras-de-alimentos-balanceados\\\/#breadcrumb\",\"itemListElement\":[{\"@type\":\"ListItem\",\"position\":1,\"name\":\"Portada\",\"item\":\"http:\\\/\\\/jmgsa.com.ar\\\/\"},{\"@type\":\"ListItem\",\"position\":2,\"name\":\"Plantas Elaboradoras de Alimentos Balanceados\"}]},{\"@type\":\"WebSite\",\"@id\":\"http:\\\/\\\/jmgsa.com.ar\\\/#website\",\"url\":\"http:\\\/\\\/jmgsa.com.ar\\\/\",\"name\":\"JMG SA - Soluciones Integrales\",\"description\":\"Building It Better In Concrete\",\"publisher\":{\"@id\":\"http:\\\/\\\/jmgsa.com.ar\\\/#organization\"},\"alternateName\":\"JMG SA\",\"potentialAction\":[{\"@type\":\"SearchAction\",\"target\":{\"@type\":\"EntryPoint\",\"urlTemplate\":\"http:\\\/\\\/jmgsa.com.ar\\\/?s={search_term_string}\"},\"query-input\":{\"@type\":\"PropertyValueSpecification\",\"valueRequired\":true,\"valueName\":\"search_term_string\"}}],\"inLanguage\":\"en-US\"},{\"@type\":\"Organization\",\"@id\":\"http:\\\/\\\/jmgsa.com.ar\\\/#organization\",\"name\":\"JMG SAICA\",\"alternateName\":\"JMG\",\"url\":\"http:\\\/\\\/jmgsa.com.ar\\\/\",\"logo\":{\"@type\":\"ImageObject\",\"inLanguage\":\"en-US\",\"@id\":\"http:\\\/\\\/jmgsa.com.ar\\\/#\\\/schema\\\/logo\\\/image\\\/\",\"url\":\"http:\\\/\\\/jmgsa.com.ar\\\/wp-content\\\/uploads\\\/2023\\\/05\\\/imagen_2023-05-20_150721808.png\",\"contentUrl\":\"http:\\\/\\\/jmgsa.com.ar\\\/wp-content\\\/uploads\\\/2023\\\/05\\\/imagen_2023-05-20_150721808.png\",\"width\":146,\"height\":130,\"caption\":\"JMG SAICA\"},\"image\":{\"@id\":\"http:\\\/\\\/jmgsa.com.ar\\\/#\\\/schema\\\/logo\\\/image\\\/\"}}]}<\/script>\n<!-- \/ Yoast SEO plugin. -->","yoast_head_json":{"title":"Plantas Elaboradoras de Alimentos Balanceados - JMG SA - Soluciones Integrales","robots":{"index":"index","follow":"follow","max-snippet":"max-snippet:-1","max-image-preview":"max-image-preview:large","max-video-preview":"max-video-preview:-1"},"canonical":"http:\/\/jmgsa.com.ar\/en\/plantas-elaboradoras-de-alimentos-balanceados\/","og_locale":"en_US","og_type":"article","og_title":"Plantas Elaboradoras de Alimentos Balanceados - JMG SA - Soluciones Integrales","og_description":"Plantas elaboradas de alimentos balanceados descubre M\u00c1S SOBRE ellos deBAJO PLANTAS ELABORADORAS DE ALIMENTOS BALANCEADOS Clicke\u00e1 en los enlaces para m\u00e1s informaci\u00f3n. Molino Horizontal a Martillo Mezcladora Horizontal Enfriador Vertical a Contraflujo Prensa Pelletera","og_url":"http:\/\/jmgsa.com.ar\/en\/plantas-elaboradoras-de-alimentos-balanceados\/","og_site_name":"JMG SA - Soluciones Integrales","article_modified_time":"2024-05-20T13:43:45+00:00","og_image":[{"url":"http:\/\/jmgsa.com.ar\/wp-content\/uploads\/elementor\/thumbs\/20150507_174957-scaled-q8uejoj649etazymi3ms9tcuejup48tjke72vde95s.jpg","type":"","width":"","height":""}],"twitter_card":"summary_large_image","twitter_misc":{"Est. reading time":"1 minute"},"schema":{"@context":"https:\/\/schema.org","@graph":[{"@type":"WebPage","@id":"http:\/\/jmgsa.com.ar\/plantas-elaboradoras-de-alimentos-balanceados\/","url":"http:\/\/jmgsa.com.ar\/plantas-elaboradoras-de-alimentos-balanceados\/","name":"Plantas Elaboradoras de Alimentos Balanceados - JMG SA - Soluciones Integrales","isPartOf":{"@id":"http:\/\/jmgsa.com.ar\/#website"},"primaryImageOfPage":{"@id":"http:\/\/jmgsa.com.ar\/plantas-elaboradoras-de-alimentos-balanceados\/#primaryimage"},"image":{"@id":"http:\/\/jmgsa.com.ar\/plantas-elaboradoras-de-alimentos-balanceados\/#primaryimage"},"thumbnailUrl":"http:\/\/jmgsa.com.ar\/wp-content\/uploads\/elementor\/thumbs\/20150507_174957-scaled-q8uejoj649etazymi3ms9tcuejup48tjke72vde95s.jpg","datePublished":"2023-07-02T19:55:42+00:00","dateModified":"2024-05-20T13:43:45+00:00","breadcrumb":{"@id":"http:\/\/jmgsa.com.ar\/plantas-elaboradoras-de-alimentos-balanceados\/#breadcrumb"},"inLanguage":"en-US","potentialAction":[{"@type":"ReadAction","target":["http:\/\/jmgsa.com.ar\/plantas-elaboradoras-de-alimentos-balanceados\/"]}]},{"@type":"ImageObject","inLanguage":"en-US","@id":"http:\/\/jmgsa.com.ar\/plantas-elaboradoras-de-alimentos-balanceados\/#primaryimage","url":"http:\/\/jmgsa.com.ar\/wp-content\/uploads\/elementor\/thumbs\/20150507_174957-scaled-q8uejoj649etazymi3ms9tcuejup48tjke72vde95s.jpg","contentUrl":"http:\/\/jmgsa.com.ar\/wp-content\/uploads\/elementor\/thumbs\/20150507_174957-scaled-q8uejoj649etazymi3ms9tcuejup48tjke72vde95s.jpg"},{"@type":"BreadcrumbList","@id":"http:\/\/jmgsa.com.ar\/plantas-elaboradoras-de-alimentos-balanceados\/#breadcrumb","itemListElement":[{"@type":"ListItem","position":1,"name":"Portada","item":"http:\/\/jmgsa.com.ar\/"},{"@type":"ListItem","position":2,"name":"Plantas Elaboradoras de Alimentos Balanceados"}]},{"@type":"WebSite","@id":"http:\/\/jmgsa.com.ar\/#website","url":"http:\/\/jmgsa.com.ar\/","name":"JMG SA - Soluciones Integrales","description":"Building It Better In Concrete","publisher":{"@id":"http:\/\/jmgsa.com.ar\/#organization"},"alternateName":"JMG SA","potentialAction":[{"@type":"SearchAction","target":{"@type":"EntryPoint","urlTemplate":"http:\/\/jmgsa.com.ar\/?s={search_term_string}"},"query-input":{"@type":"PropertyValueSpecification","valueRequired":true,"valueName":"search_term_string"}}],"inLanguage":"en-US"},{"@type":"Organization","@id":"http:\/\/jmgsa.com.ar\/#organization","name":"JMG SAICA","alternateName":"JMG","url":"http:\/\/jmgsa.com.ar\/","logo":{"@type":"ImageObject","inLanguage":"en-US","@id":"http:\/\/jmgsa.com.ar\/#\/schema\/logo\/image\/","url":"http:\/\/jmgsa.com.ar\/wp-content\/uploads\/2023\/05\/imagen_2023-05-20_150721808.png","contentUrl":"http:\/\/jmgsa.com.ar\/wp-content\/uploads\/2023\/05\/imagen_2023-05-20_150721808.png","width":146,"height":130,"caption":"JMG SAICA"},"image":{"@id":"http:\/\/jmgsa.com.ar\/#\/schema\/logo\/image\/"}}]}},"uagb_featured_image_src":{"full":false,"thumbnail":false,"medium":false,"medium_large":false,"large":false,"1536x1536":false,"2048x2048":false,"trp-custom-language-flag":false},"uagb_author_info":{"display_name":"pel983hu","author_link":"http:\/\/jmgsa.com.ar\/en\/author\/pel983hu\/"},"uagb_comment_info":0,"uagb_excerpt":"Plantas elaboradas de alimentos balanceados descubre M\u00c1S SOBRE ellos deBAJO PLANTAS ELABORADORAS DE ALIMENTOS BALANCEADOS Clicke\u00e1 en los enlaces para m\u00e1s informaci\u00f3n. Molino Horizontal a Martillo Mezcladora Horizontal Enfriador Vertical a Contraflujo Prensa Pelletera","_links":{"self":[{"href":"http:\/\/jmgsa.com.ar\/en\/wp-json\/wp\/v2\/pages\/1334","targetHints":{"allow":["GET"]}}],"collection":[{"href":"http:\/\/jmgsa.com.ar\/en\/wp-json\/wp\/v2\/pages"}],"about":[{"href":"http:\/\/jmgsa.com.ar\/en\/wp-json\/wp\/v2\/types\/page"}],"author":[{"embeddable":true,"href":"http:\/\/jmgsa.com.ar\/en\/wp-json\/wp\/v2\/users\/2"}],"replies":[{"embeddable":true,"href":"http:\/\/jmgsa.com.ar\/en\/wp-json\/wp\/v2\/comments?post=1334"}],"version-history":[{"count":61,"href":"http:\/\/jmgsa.com.ar\/en\/wp-json\/wp\/v2\/pages\/1334\/revisions"}],"predecessor-version":[{"id":3982,"href":"http:\/\/jmgsa.com.ar\/en\/wp-json\/wp\/v2\/pages\/1334\/revisions\/3982"}],"wp:attachment":[{"href":"http:\/\/jmgsa.com.ar\/en\/wp-json\/wp\/v2\/media?parent=1334"}],"curies":[{"name":"wp","href":"https:\/\/api.w.org\/{rel}","templated":true}]}}