{"id":1328,"date":"2023-07-02T19:52:05","date_gmt":"2023-07-02T19:52:05","guid":{"rendered":"http:\/\/jmgsa.com.ar\/?page_id=1328"},"modified":"2023-08-11T14:29:24","modified_gmt":"2023-08-11T14:29:24","slug":"cintas-transportadoras-galvanizadas","status":"publish","type":"page","link":"http:\/\/jmgsa.com.ar\/en\/cintas-transportadoras-galvanizadas\/","title":{"rendered":"Galvanized Conveyor Belts"},"content":{"rendered":"<div data-elementor-type=\"wp-page\" data-elementor-id=\"1328\" class=\"elementor elementor-1328\" data-elementor-post-type=\"page\">\n\t\t\t\t\t\t<section class=\"elementor-section elementor-top-section elementor-element elementor-element-5463ed2 elementor-section-height-min-height elementor-section-boxed elementor-section-height-default elementor-section-items-middle\" data-id=\"5463ed2\" data-element_type=\"section\" data-e-type=\"section\" data-settings=\"{&quot;background_background&quot;:&quot;classic&quot;}\">\n\t\t\t\t\t\t\t<div class=\"elementor-background-overlay\"><\/div>\n\t\t\t\t\t\t\t<div class=\"elementor-container elementor-column-gap-no\">\n\t\t\t\t\t<div class=\"elementor-column elementor-col-100 elementor-top-column elementor-element elementor-element-a6e657a\" data-id=\"a6e657a\" data-element_type=\"column\" data-e-type=\"column\">\n\t\t\t<div class=\"elementor-widget-wrap elementor-element-populated\">\n\t\t\t\t\t\t<div class=\"elementor-element elementor-element-e86da63 elementor-widget elementor-widget-spacer\" data-id=\"e86da63\" data-element_type=\"widget\" data-e-type=\"widget\" data-widget_type=\"spacer.default\">\n\t\t\t\t<div class=\"elementor-widget-container\">\n\t\t\t\t\t\t\t<div class=\"elementor-spacer\">\n\t\t\t<div class=\"elementor-spacer-inner\"><\/div>\n\t\t<\/div>\n\t\t\t\t\t\t<\/div>\n\t\t\t\t<\/div>\n\t\t\t\t<div class=\"elementor-element elementor-element-a01a93d elementor-invisible elementor-widget elementor-widget-heading\" data-id=\"a01a93d\" data-element_type=\"widget\" data-e-type=\"widget\" data-settings=\"{&quot;_animation&quot;:&quot;zoomIn&quot;}\" data-widget_type=\"heading.default\">\n\t\t\t\t<div class=\"elementor-widget-container\">\n\t\t\t\t\t<h1 class=\"elementor-heading-title elementor-size-default\">GALVANIZED CONVEYOR BELTS<\/h1>\t\t\t\t<\/div>\n\t\t\t\t<\/div>\n\t\t\t\t<div class=\"elementor-element elementor-element-93339db elementor-widget-divider--view-line elementor-widget elementor-widget-divider\" data-id=\"93339db\" data-element_type=\"widget\" data-e-type=\"widget\" data-widget_type=\"divider.default\">\n\t\t\t\t<div class=\"elementor-widget-container\">\n\t\t\t\t\t\t\t<div class=\"elementor-divider\">\n\t\t\t<span class=\"elementor-divider-separator\">\n\t\t\t\t\t\t<\/span>\n\t\t<\/div>\n\t\t\t\t\t\t<\/div>\n\t\t\t\t<\/div>\n\t\t\t\t<div class=\"elementor-element elementor-element-c6be5be elementor-widget elementor-widget-heading\" data-id=\"c6be5be\" data-element_type=\"widget\" data-e-type=\"widget\" data-widget_type=\"heading.default\">\n\t\t\t\t<div class=\"elementor-widget-container\">\n\t\t\t\t\t<h3 class=\"elementor-heading-title elementor-size-default\">find out MORE ABOUT them BELOW<\/h3>\t\t\t\t<\/div>\n\t\t\t\t<\/div>\n\t\t\t\t<div class=\"elementor-element elementor-element-df13cd1 elementor-view-stacked elementor-shape-square e-transform elementor-invisible elementor-widget elementor-widget-icon\" data-id=\"df13cd1\" data-element_type=\"widget\" data-e-type=\"widget\" data-settings=\"{&quot;_animation&quot;:&quot;jello&quot;,&quot;_transform_scale_effect_hover&quot;:{&quot;unit&quot;:&quot;px&quot;,&quot;size&quot;:1.2,&quot;sizes&quot;:[]},&quot;_transform_scale_effect_hover_widescreen&quot;:{&quot;unit&quot;:&quot;px&quot;,&quot;size&quot;:&quot;&quot;,&quot;sizes&quot;:[]},&quot;_transform_scale_effect_hover_laptop&quot;:{&quot;unit&quot;:&quot;px&quot;,&quot;size&quot;:&quot;&quot;,&quot;sizes&quot;:[]},&quot;_transform_scale_effect_hover_tablet_extra&quot;:{&quot;unit&quot;:&quot;px&quot;,&quot;size&quot;:&quot;&quot;,&quot;sizes&quot;:[]},&quot;_transform_scale_effect_hover_tablet&quot;:{&quot;unit&quot;:&quot;px&quot;,&quot;size&quot;:&quot;&quot;,&quot;sizes&quot;:[]},&quot;_transform_scale_effect_hover_mobile_extra&quot;:{&quot;unit&quot;:&quot;px&quot;,&quot;size&quot;:&quot;&quot;,&quot;sizes&quot;:[]},&quot;_transform_scale_effect_hover_mobile&quot;:{&quot;unit&quot;:&quot;px&quot;,&quot;size&quot;:&quot;&quot;,&quot;sizes&quot;:[]}}\" data-widget_type=\"icon.default\">\n\t\t\t\t<div class=\"elementor-widget-container\">\n\t\t\t\t\t\t\t<div class=\"elementor-icon-wrapper\">\n\t\t\t<a class=\"elementor-icon\" href=\"#info-cinta\">\n\t\t\t<i aria-hidden=\"true\" class=\"fas fa-arrow-down\"><\/i>\t\t\t<\/a>\n\t\t<\/div>\n\t\t\t\t\t\t<\/div>\n\t\t\t\t<\/div>\n\t\t\t\t\t<\/div>\n\t\t<\/div>\n\t\t\t\t\t<\/div>\n\t\t<\/section>\n\t\t\t\t<section class=\"elementor-section elementor-top-section elementor-element elementor-element-ddd6daa elementor-section-content-middle elementor-section-boxed elementor-section-height-default elementor-section-height-default\" data-id=\"ddd6daa\" data-element_type=\"section\" data-e-type=\"section\" id=\"info-cinta\" data-settings=\"{&quot;background_background&quot;:&quot;classic&quot;}\">\n\t\t\t\t\t\t<div class=\"elementor-container elementor-column-gap-no\">\n\t\t\t\t\t<div class=\"elementor-column elementor-col-50 elementor-top-column elementor-element elementor-element-bd94e84\" data-id=\"bd94e84\" data-element_type=\"column\" data-e-type=\"column\">\n\t\t\t<div class=\"elementor-widget-wrap elementor-element-populated\">\n\t\t\t\t\t\t<div class=\"elementor-element elementor-element-7e5eaa3 elementor-invisible elementor-widget elementor-widget-heading\" data-id=\"7e5eaa3\" data-element_type=\"widget\" data-e-type=\"widget\" data-settings=\"{&quot;_animation&quot;:&quot;zoomIn&quot;}\" data-widget_type=\"heading.default\">\n\t\t\t\t<div class=\"elementor-widget-container\">\n\t\t\t\t\t<h2 class=\"elementor-heading-title elementor-size-default\">CONVEYOR BELTS<\/h2>\t\t\t\t<\/div>\n\t\t\t\t<\/div>\n\t\t\t\t<div class=\"elementor-element elementor-element-fecc3c7 elementor-widget-divider--view-line elementor-invisible elementor-widget elementor-widget-divider\" data-id=\"fecc3c7\" data-element_type=\"widget\" data-e-type=\"widget\" data-settings=\"{&quot;_animation&quot;:&quot;slideInLeft&quot;}\" data-widget_type=\"divider.default\">\n\t\t\t\t<div class=\"elementor-widget-container\">\n\t\t\t\t\t\t\t<div class=\"elementor-divider\">\n\t\t\t<span class=\"elementor-divider-separator\">\n\t\t\t\t\t\t<\/span>\n\t\t<\/div>\n\t\t\t\t\t\t<\/div>\n\t\t\t\t<\/div>\n\t\t\t\t<div class=\"elementor-element elementor-element-45fd36d elementor-widget elementor-widget-text-editor\" data-id=\"45fd36d\" data-element_type=\"widget\" data-e-type=\"widget\" data-widget_type=\"text-editor.default\">\n\t\t\t\t<div class=\"elementor-widget-container\">\n\t\t\t\t\t\t\t\t\t<p><span style=\"color: #000000;\">Conveyor belts\u00a0<span style=\"font-weight: bold;\">JMG\u00ae<\/span><span style=\"font-style: inherit; font-weight: inherit;\">\u00a0are built entirely in galvanized sheet metal with conveying capacities up to 600 T\/h (corn base). In addition, the belt moves on trios of metallic rollers of advance and metallic rollers of return, mounted on bearings with triple seal. They are supplied with a rubberized drive roll (self-centering) with double chevron and tensioning roll (self-centering). A loading device is used (cereal casing with lateral rubbers).<\/span><b style=\"font-style: inherit;\">.<\/b><\/span><\/p><p class=\"translation-block\">All JMG\u00ae equipment is driven by a high-performance direct-coupled drive unit (no belt or chain drive) consisting of an oil-bath helical geared motor reducer, an elastic chain coupling and a three-phase\u00a0electric\u00a0motor.<\/p>\t\t\t\t\t\t\t\t<\/div>\n\t\t\t\t<\/div>\n\t\t\t\t\t<\/div>\n\t\t<\/div>\n\t\t\t\t<div class=\"elementor-column elementor-col-50 elementor-top-column elementor-element elementor-element-2993425 elementor-invisible\" data-id=\"2993425\" data-element_type=\"column\" data-e-type=\"column\" data-settings=\"{&quot;background_background&quot;:&quot;gradient&quot;,&quot;animation&quot;:&quot;slideInRight&quot;}\">\n\t\t\t<div class=\"elementor-widget-wrap elementor-element-populated\">\n\t\t\t\t\t\t<div class=\"elementor-element elementor-element-2df614e elementor-widget elementor-widget-image\" data-id=\"2df614e\" data-element_type=\"widget\" data-e-type=\"widget\" data-widget_type=\"image.default\">\n\t\t\t\t<div class=\"elementor-widget-container\">\n\t\t\t\t\t\t\t\t\t\t\t\t\t\t\t<img fetchpriority=\"high\" decoding=\"async\" width=\"2560\" height=\"1920\" src=\"http:\/\/jmgsa.com.ar\/wp-content\/uploads\/2023\/08\/DSC03420-scaled.jpg\" class=\"attachment-full size-full wp-image-3612\" alt=\"CINTA TRANSPORTADORA JMG\" srcset=\"http:\/\/jmgsa.com.ar\/wp-content\/uploads\/2023\/08\/DSC03420-scaled.jpg 2560w, http:\/\/jmgsa.com.ar\/wp-content\/uploads\/2023\/08\/DSC03420-300x225.jpg 300w, http:\/\/jmgsa.com.ar\/wp-content\/uploads\/2023\/08\/DSC03420-1024x768.jpg 1024w, http:\/\/jmgsa.com.ar\/wp-content\/uploads\/2023\/08\/DSC03420-768x576.jpg 768w, http:\/\/jmgsa.com.ar\/wp-content\/uploads\/2023\/08\/DSC03420-1536x1152.jpg 1536w, http:\/\/jmgsa.com.ar\/wp-content\/uploads\/2023\/08\/DSC03420-2048x1536.jpg 2048w\" sizes=\"(max-width: 2560px) 100vw, 2560px\" \/>\t\t\t\t\t\t\t\t\t\t\t\t\t\t\t<\/div>\n\t\t\t\t<\/div>\n\t\t\t\t\t<\/div>\n\t\t<\/div>\n\t\t\t\t\t<\/div>\n\t\t<\/section>\n\t\t\t\t<\/div>","protected":false},"excerpt":{"rendered":"<p>CINTAS TRANSPORTADORAS GALVANIZADAS descubre M\u00c1S SOBRE ellAs deBAJO CINTAS TRANSPORTADORAS Las cintas transportadoras\u00a0JMG\u00ae\u00a0son construidas totalmente en chapa galvanizada con capacidades de transporte de hasta 600 T\/h (Base Maiz). Adem\u00e1s la banda se desplaza sobre tr\u00edos de rodillos met\u00e1licos de avance y rodillos metalicos de retorno, montados sobre rodamientos con reten de triple cierre. Se proveen [&hellip;]<\/p>\n","protected":false},"author":2,"featured_media":0,"parent":0,"menu_order":0,"comment_status":"closed","ping_status":"closed","template":"","meta":{"_uag_custom_page_level_css":"","site-sidebar-layout":"no-sidebar","site-content-layout":"page-builder","ast-site-content-layout":"default","site-content-style":"default","site-sidebar-style":"default","ast-global-header-display":"","ast-banner-title-visibility":"","ast-main-header-display":"","ast-hfb-above-header-display":"","ast-hfb-below-header-display":"","ast-hfb-mobile-header-display":"","site-post-title":"disabled","ast-breadcrumbs-content":"","ast-featured-img":"disabled","footer-sml-layout":"","ast-disable-related-posts":"","theme-transparent-header-meta":"","adv-header-id-meta":"","stick-header-meta":"","header-above-stick-meta":"","header-main-stick-meta":"","header-below-stick-meta":"","astra-migrate-meta-layouts":"default","ast-page-background-enabled":"default","ast-page-background-meta":{"desktop":{"background-color":"var(--ast-global-color-4)","background-image":"","background-repeat":"repeat","background-position":"center center","background-size":"auto","background-attachment":"scroll","background-type":"","background-media":"","overlay-type":"","overlay-color":"","overlay-opacity":"","overlay-gradient":""},"tablet":{"background-color":"","background-image":"","background-repeat":"repeat","background-position":"center center","background-size":"auto","background-attachment":"scroll","background-type":"","background-media":"","overlay-type":"","overlay-color":"","overlay-opacity":"","overlay-gradient":""},"mobile":{"background-color":"","background-image":"","background-repeat":"repeat","background-position":"center center","background-size":"auto","background-attachment":"scroll","background-type":"","background-media":"","overlay-type":"","overlay-color":"","overlay-opacity":"","overlay-gradient":""}},"ast-content-background-meta":{"desktop":{"background-color":"var(--ast-global-color-5)","background-image":"","background-repeat":"repeat","background-position":"center center","background-size":"auto","background-attachment":"scroll","background-type":"","background-media":"","overlay-type":"","overlay-color":"","overlay-opacity":"","overlay-gradient":""},"tablet":{"background-color":"var(--ast-global-color-5)","background-image":"","background-repeat":"repeat","background-position":"center center","background-size":"auto","background-attachment":"scroll","background-type":"","background-media":"","overlay-type":"","overlay-color":"","overlay-opacity":"","overlay-gradient":""},"mobile":{"background-color":"var(--ast-global-color-5)","background-image":"","background-repeat":"repeat","background-position":"center center","background-size":"auto","background-attachment":"scroll","background-type":"","background-media":"","overlay-type":"","overlay-color":"","overlay-opacity":"","overlay-gradient":""}},"footnotes":""},"class_list":["post-1328","page","type-page","status-publish","hentry"],"yoast_head":"<!-- This site is optimized with the Yoast SEO plugin v27.5 - https:\/\/yoast.com\/product\/yoast-seo-wordpress\/ -->\n<title>Cintas Transportadoras Galvanizadas - JMG SA - Soluciones Integrales<\/title>\n<meta name=\"robots\" content=\"index, follow, max-snippet:-1, max-image-preview:large, max-video-preview:-1\" \/>\n<link rel=\"canonical\" href=\"http:\/\/jmgsa.com.ar\/en\/cintas-transportadoras-galvanizadas\/\" \/>\n<meta property=\"og:locale\" content=\"en_US\" \/>\n<meta property=\"og:type\" content=\"article\" \/>\n<meta property=\"og:title\" content=\"Cintas Transportadoras Galvanizadas - JMG SA - Soluciones Integrales\" \/>\n<meta property=\"og:description\" content=\"CINTAS TRANSPORTADORAS GALVANIZADAS descubre M\u00c1S SOBRE ellAs deBAJO CINTAS TRANSPORTADORAS Las cintas transportadoras\u00a0JMG\u00ae\u00a0son construidas totalmente en chapa galvanizada con capacidades de transporte de hasta 600 T\/h (Base Maiz). Adem\u00e1s la banda se desplaza sobre tr\u00edos de rodillos met\u00e1licos de avance y rodillos metalicos de retorno, montados sobre rodamientos con reten de triple cierre. Se proveen [&hellip;]\" \/>\n<meta property=\"og:url\" content=\"http:\/\/jmgsa.com.ar\/en\/cintas-transportadoras-galvanizadas\/\" \/>\n<meta property=\"og:site_name\" content=\"JMG SA - Soluciones Integrales\" \/>\n<meta property=\"article:modified_time\" content=\"2023-08-11T14:29:24+00:00\" \/>\n<meta property=\"og:image\" content=\"http:\/\/jmgsa.com.ar\/wp-content\/uploads\/2023\/08\/DSC03420-scaled.jpg\" \/>\n<meta name=\"twitter:card\" content=\"summary_large_image\" \/>\n<meta name=\"twitter:label1\" content=\"Est. reading time\" \/>\n\t<meta name=\"twitter:data1\" content=\"1 minute\" \/>\n<script type=\"application\/ld+json\" class=\"yoast-schema-graph\">{\"@context\":\"https:\\\/\\\/schema.org\",\"@graph\":[{\"@type\":\"WebPage\",\"@id\":\"http:\\\/\\\/jmgsa.com.ar\\\/cintas-transportadoras-galvanizadas\\\/\",\"url\":\"http:\\\/\\\/jmgsa.com.ar\\\/cintas-transportadoras-galvanizadas\\\/\",\"name\":\"Cintas Transportadoras Galvanizadas - JMG SA - Soluciones Integrales\",\"isPartOf\":{\"@id\":\"http:\\\/\\\/jmgsa.com.ar\\\/#website\"},\"primaryImageOfPage\":{\"@id\":\"http:\\\/\\\/jmgsa.com.ar\\\/cintas-transportadoras-galvanizadas\\\/#primaryimage\"},\"image\":{\"@id\":\"http:\\\/\\\/jmgsa.com.ar\\\/cintas-transportadoras-galvanizadas\\\/#primaryimage\"},\"thumbnailUrl\":\"http:\\\/\\\/jmgsa.com.ar\\\/wp-content\\\/uploads\\\/2023\\\/08\\\/DSC03420-scaled.jpg\",\"datePublished\":\"2023-07-02T19:52:05+00:00\",\"dateModified\":\"2023-08-11T14:29:24+00:00\",\"breadcrumb\":{\"@id\":\"http:\\\/\\\/jmgsa.com.ar\\\/cintas-transportadoras-galvanizadas\\\/#breadcrumb\"},\"inLanguage\":\"en-US\",\"potentialAction\":[{\"@type\":\"ReadAction\",\"target\":[\"http:\\\/\\\/jmgsa.com.ar\\\/cintas-transportadoras-galvanizadas\\\/\"]}]},{\"@type\":\"ImageObject\",\"inLanguage\":\"en-US\",\"@id\":\"http:\\\/\\\/jmgsa.com.ar\\\/cintas-transportadoras-galvanizadas\\\/#primaryimage\",\"url\":\"http:\\\/\\\/jmgsa.com.ar\\\/wp-content\\\/uploads\\\/2023\\\/08\\\/DSC03420-scaled.jpg\",\"contentUrl\":\"http:\\\/\\\/jmgsa.com.ar\\\/wp-content\\\/uploads\\\/2023\\\/08\\\/DSC03420-scaled.jpg\"},{\"@type\":\"BreadcrumbList\",\"@id\":\"http:\\\/\\\/jmgsa.com.ar\\\/cintas-transportadoras-galvanizadas\\\/#breadcrumb\",\"itemListElement\":[{\"@type\":\"ListItem\",\"position\":1,\"name\":\"Portada\",\"item\":\"http:\\\/\\\/jmgsa.com.ar\\\/\"},{\"@type\":\"ListItem\",\"position\":2,\"name\":\"Cintas Transportadoras Galvanizadas\"}]},{\"@type\":\"WebSite\",\"@id\":\"http:\\\/\\\/jmgsa.com.ar\\\/#website\",\"url\":\"http:\\\/\\\/jmgsa.com.ar\\\/\",\"name\":\"JMG SA - Soluciones Integrales\",\"description\":\"Building It Better In Concrete\",\"publisher\":{\"@id\":\"http:\\\/\\\/jmgsa.com.ar\\\/#organization\"},\"alternateName\":\"JMG SA\",\"potentialAction\":[{\"@type\":\"SearchAction\",\"target\":{\"@type\":\"EntryPoint\",\"urlTemplate\":\"http:\\\/\\\/jmgsa.com.ar\\\/?s={search_term_string}\"},\"query-input\":{\"@type\":\"PropertyValueSpecification\",\"valueRequired\":true,\"valueName\":\"search_term_string\"}}],\"inLanguage\":\"en-US\"},{\"@type\":\"Organization\",\"@id\":\"http:\\\/\\\/jmgsa.com.ar\\\/#organization\",\"name\":\"JMG SAICA\",\"alternateName\":\"JMG\",\"url\":\"http:\\\/\\\/jmgsa.com.ar\\\/\",\"logo\":{\"@type\":\"ImageObject\",\"inLanguage\":\"en-US\",\"@id\":\"http:\\\/\\\/jmgsa.com.ar\\\/#\\\/schema\\\/logo\\\/image\\\/\",\"url\":\"http:\\\/\\\/jmgsa.com.ar\\\/wp-content\\\/uploads\\\/2023\\\/05\\\/imagen_2023-05-20_150721808.png\",\"contentUrl\":\"http:\\\/\\\/jmgsa.com.ar\\\/wp-content\\\/uploads\\\/2023\\\/05\\\/imagen_2023-05-20_150721808.png\",\"width\":146,\"height\":130,\"caption\":\"JMG SAICA\"},\"image\":{\"@id\":\"http:\\\/\\\/jmgsa.com.ar\\\/#\\\/schema\\\/logo\\\/image\\\/\"}}]}<\/script>\n<!-- \/ Yoast SEO plugin. -->","yoast_head_json":{"title":"Cintas Transportadoras Galvanizadas - JMG SA - Soluciones Integrales","robots":{"index":"index","follow":"follow","max-snippet":"max-snippet:-1","max-image-preview":"max-image-preview:large","max-video-preview":"max-video-preview:-1"},"canonical":"http:\/\/jmgsa.com.ar\/en\/cintas-transportadoras-galvanizadas\/","og_locale":"en_US","og_type":"article","og_title":"Cintas Transportadoras Galvanizadas - JMG SA - Soluciones Integrales","og_description":"CINTAS TRANSPORTADORAS GALVANIZADAS descubre M\u00c1S SOBRE ellAs deBAJO CINTAS TRANSPORTADORAS Las cintas transportadoras\u00a0JMG\u00ae\u00a0son construidas totalmente en chapa galvanizada con capacidades de transporte de hasta 600 T\/h (Base Maiz). Adem\u00e1s la banda se desplaza sobre tr\u00edos de rodillos met\u00e1licos de avance y rodillos metalicos de retorno, montados sobre rodamientos con reten de triple cierre. Se proveen [&hellip;]","og_url":"http:\/\/jmgsa.com.ar\/en\/cintas-transportadoras-galvanizadas\/","og_site_name":"JMG SA - Soluciones Integrales","article_modified_time":"2023-08-11T14:29:24+00:00","og_image":[{"url":"http:\/\/jmgsa.com.ar\/wp-content\/uploads\/2023\/08\/DSC03420-scaled.jpg","type":"","width":"","height":""}],"twitter_card":"summary_large_image","twitter_misc":{"Est. reading time":"1 minute"},"schema":{"@context":"https:\/\/schema.org","@graph":[{"@type":"WebPage","@id":"http:\/\/jmgsa.com.ar\/cintas-transportadoras-galvanizadas\/","url":"http:\/\/jmgsa.com.ar\/cintas-transportadoras-galvanizadas\/","name":"Cintas Transportadoras Galvanizadas - JMG SA - Soluciones Integrales","isPartOf":{"@id":"http:\/\/jmgsa.com.ar\/#website"},"primaryImageOfPage":{"@id":"http:\/\/jmgsa.com.ar\/cintas-transportadoras-galvanizadas\/#primaryimage"},"image":{"@id":"http:\/\/jmgsa.com.ar\/cintas-transportadoras-galvanizadas\/#primaryimage"},"thumbnailUrl":"http:\/\/jmgsa.com.ar\/wp-content\/uploads\/2023\/08\/DSC03420-scaled.jpg","datePublished":"2023-07-02T19:52:05+00:00","dateModified":"2023-08-11T14:29:24+00:00","breadcrumb":{"@id":"http:\/\/jmgsa.com.ar\/cintas-transportadoras-galvanizadas\/#breadcrumb"},"inLanguage":"en-US","potentialAction":[{"@type":"ReadAction","target":["http:\/\/jmgsa.com.ar\/cintas-transportadoras-galvanizadas\/"]}]},{"@type":"ImageObject","inLanguage":"en-US","@id":"http:\/\/jmgsa.com.ar\/cintas-transportadoras-galvanizadas\/#primaryimage","url":"http:\/\/jmgsa.com.ar\/wp-content\/uploads\/2023\/08\/DSC03420-scaled.jpg","contentUrl":"http:\/\/jmgsa.com.ar\/wp-content\/uploads\/2023\/08\/DSC03420-scaled.jpg"},{"@type":"BreadcrumbList","@id":"http:\/\/jmgsa.com.ar\/cintas-transportadoras-galvanizadas\/#breadcrumb","itemListElement":[{"@type":"ListItem","position":1,"name":"Portada","item":"http:\/\/jmgsa.com.ar\/"},{"@type":"ListItem","position":2,"name":"Cintas Transportadoras Galvanizadas"}]},{"@type":"WebSite","@id":"http:\/\/jmgsa.com.ar\/#website","url":"http:\/\/jmgsa.com.ar\/","name":"JMG SA - Soluciones Integrales","description":"Building It Better In Concrete","publisher":{"@id":"http:\/\/jmgsa.com.ar\/#organization"},"alternateName":"JMG SA","potentialAction":[{"@type":"SearchAction","target":{"@type":"EntryPoint","urlTemplate":"http:\/\/jmgsa.com.ar\/?s={search_term_string}"},"query-input":{"@type":"PropertyValueSpecification","valueRequired":true,"valueName":"search_term_string"}}],"inLanguage":"en-US"},{"@type":"Organization","@id":"http:\/\/jmgsa.com.ar\/#organization","name":"JMG SAICA","alternateName":"JMG","url":"http:\/\/jmgsa.com.ar\/","logo":{"@type":"ImageObject","inLanguage":"en-US","@id":"http:\/\/jmgsa.com.ar\/#\/schema\/logo\/image\/","url":"http:\/\/jmgsa.com.ar\/wp-content\/uploads\/2023\/05\/imagen_2023-05-20_150721808.png","contentUrl":"http:\/\/jmgsa.com.ar\/wp-content\/uploads\/2023\/05\/imagen_2023-05-20_150721808.png","width":146,"height":130,"caption":"JMG SAICA"},"image":{"@id":"http:\/\/jmgsa.com.ar\/#\/schema\/logo\/image\/"}}]}},"uagb_featured_image_src":{"full":false,"thumbnail":false,"medium":false,"medium_large":false,"large":false,"1536x1536":false,"2048x2048":false,"trp-custom-language-flag":false},"uagb_author_info":{"display_name":"pel983hu","author_link":"http:\/\/jmgsa.com.ar\/en\/author\/pel983hu\/"},"uagb_comment_info":0,"uagb_excerpt":"CINTAS TRANSPORTADORAS GALVANIZADAS descubre M\u00c1S SOBRE ellAs deBAJO CINTAS TRANSPORTADORAS Las cintas transportadoras\u00a0JMG\u00ae\u00a0son construidas totalmente en chapa galvanizada con capacidades de transporte de hasta 600 T\/h (Base Maiz). Adem\u00e1s la banda se desplaza sobre tr\u00edos de rodillos met\u00e1licos de avance y rodillos metalicos de retorno, montados sobre rodamientos con reten de triple cierre. Se proveen&hellip;","_links":{"self":[{"href":"http:\/\/jmgsa.com.ar\/en\/wp-json\/wp\/v2\/pages\/1328","targetHints":{"allow":["GET"]}}],"collection":[{"href":"http:\/\/jmgsa.com.ar\/en\/wp-json\/wp\/v2\/pages"}],"about":[{"href":"http:\/\/jmgsa.com.ar\/en\/wp-json\/wp\/v2\/types\/page"}],"author":[{"embeddable":true,"href":"http:\/\/jmgsa.com.ar\/en\/wp-json\/wp\/v2\/users\/2"}],"replies":[{"embeddable":true,"href":"http:\/\/jmgsa.com.ar\/en\/wp-json\/wp\/v2\/comments?post=1328"}],"version-history":[{"count":79,"href":"http:\/\/jmgsa.com.ar\/en\/wp-json\/wp\/v2\/pages\/1328\/revisions"}],"predecessor-version":[{"id":3619,"href":"http:\/\/jmgsa.com.ar\/en\/wp-json\/wp\/v2\/pages\/1328\/revisions\/3619"}],"wp:attachment":[{"href":"http:\/\/jmgsa.com.ar\/en\/wp-json\/wp\/v2\/media?parent=1328"}],"curies":[{"name":"wp","href":"https:\/\/api.w.org\/{rel}","templated":true}]}}